{"id":7,"date":"2024-05-14T20:48:56","date_gmt":"2024-05-14T20:48:56","guid":{"rendered":"https:\/\/exclamacao.consulting\/?page_id=7"},"modified":"2025-07-22T10:43:32","modified_gmt":"2025-07-22T10:43:32","slug":"home","status":"publish","type":"page","link":"https:\/\/exclamacao.consulting\/en\/","title":{"rendered":"home"},"content":{"rendered":"<div class=\"brz brz-root__container brz-reset-all brz-root__container-page\" >\n<section id=\"entrada\" class=\"brz-section brz-css-19tec03 brz-css-7e3w5u\">\n<div class=\"brz-section__content brz-section--fullWidth brz-css-1d9ne9g brz-css-s7cpw2\" data-brz-custom-id=\"w3v8vjD0vyNt\">\n<div class=\"brz-bg\">\n<div class=\"brz-bg-image\"><\/div>\n<div class=\"brz-bg-color\"><\/div>\n<\/div>\n<div class=\"brz-container brz-css-160lqoq brz-css-1wv4ms9\">\n<div class=\"brz-row__container brz-css-1941udl brz-css-152ckyq\" data-brz-custom-id=\"hgKiaX3kWYWi\">\n<div class=\"brz-row brz-css-ievbz4 brz-css-1v4fla8 brz-css-1l6n0ve\">\n<div class=\"brz-columns brz-css-wc8y75 brz-css-ca3cdp\" data-brz-custom-id=\"p8jvrBSSlmlq\">\n<div class=\"brz-column__items brz-css-krzg3u brz-css-atw5tu\">\n<div id=\"\" class=\"brz-css-13k1wv1 brz-css-1kagk2b brz-wrapper\">\n<div class=\"brz-image brz-css-x2kn5j brz-css-13yahsc\" data-brz-custom-id=\"kNEl5VFyTXKO\"><a class=\"brz-a\" href=\"https:\/\/exclamacao.consulting\/en\/\" target=\"_self\" rel=\"noopener\" data-brz-link-type=\"page\"><picture class=\"brz-picture brz-d-block brz-p-relative brz-css-1yydwh0 brz-css-ahxldy\"><source srcset=\"https:\/\/exclamacao.consulting\/wp-content\/uploads\/brizy\/imgs\/logo-81x30x0x0x81x30x1716296655.png 1x, https:\/\/exclamacao.consulting\/wp-content\/uploads\/brizy\/imgs\/logo-162x60x0x0x162x60x1716296655.png 2x\" media=\"(min-width: 992px)\"><source srcset=\"https:\/\/exclamacao.consulting\/wp-content\/uploads\/brizy\/imgs\/logo-30x11x0x0x30x11x1716296655.png 1x, https:\/\/exclamacao.consulting\/wp-content\/uploads\/brizy\/imgs\/logo-60x22x0x0x60x22x1716296655.png 2x\" media=\"(min-width: 768px)\"><img decoding=\"async\" class=\"brz-img\" srcset=\"https:\/\/exclamacao.consulting\/wp-content\/uploads\/brizy\/imgs\/logo-72x27x0x1x72x25x1716296655.png 1x, https:\/\/exclamacao.consulting\/wp-content\/uploads\/brizy\/imgs\/logo-144x54x0x2x144x50x1716296655.png 2x\" src=\"https:\/\/exclamacao.consulting\/wp-content\/uploads\/brizy\/imgs\/logo-81x30x0x0x81x30x1716296655.png\" alt=\"Logotipo da Exclama\u00e7\u00e3o f&#038;b Consulting \u2013 consultoria criativa food and beverage\" title=\"f&#038;b consulting\" draggable=\"false\" loading=\"lazy\"><\/picture><\/a><\/div>\n<\/div>\n<\/div>\n<\/div>\n<div class=\"brz-columns brz-css-wc8y75 brz-css-1su9zu\" data-brz-custom-id=\"bUrcWfyJ1NCS\">\n<div class=\"brz-column__items brz-css-krzg3u brz-css-k508jh\">\n<div id=\"\" class=\"brz-css-13k1wv1 brz-css-qgy0z7 brz-wrapper\">\n<div class=\"brz-menu__container brz-css-rujec brz-css-19alrb2\" data-mmenu-id=\"#tqYi2hxhroq1_a2cac22c860b3aed07d4\" data-mmenu-position=\"position-right\" data-mmenu-title=\"\" data-mmenu-stickytitle=\"on\" data-mmenu-isslider=\"false\" data-mmenu-closingicon=\"%7B%22desktop%22%3A%22off%22%2C%22tablet%22%3A%22off%22%2C%22mobile%22%3A%22off%22%7D\" data-brz-custom-id=\"tqYi2hxhroq1\">\n<nav data-mods=\"%7B%22desktop%22%3A%22horizontal%22%2C%22tablet%22%3A%22horizontal%22%2C%22mobile%22%3A%22horizontal%22%7D\" class=\"brz-menu brz-menu__preview brz-css-1reaxny brz-css-1u4xati\">\n<ul class=\"brz-menu__ul\" data-menu-items-active=\"\">\n<li data-menu-item-id=\"6e233faeae912fd0b96dd3b1dfaf843c\" class=\"brz-menu__item menu-item menu-item-type-custom menu-item-object-custom menu-item-home\"><a class=\"brz-a\" target=\"\" href=\"https:\/\/exclamacao.consulting\/en\/#quemsomos\" title=\"\"><span class=\"brz-span\">about us<\/span><\/a><\/li>\n<li data-menu-item-id=\"5993e4df10a76382fa9ff2e96d5c4757\" class=\"brz-menu__item menu-item menu-item-type-custom menu-item-object-custom menu-item-home\"><a class=\"brz-a\" target=\"\" href=\"https:\/\/exclamacao.consulting\/en\/#especialidades\" title=\"\"><span class=\"brz-span\">our specialties<\/span><\/a><\/li>\n<li data-menu-item-id=\"ffe3a675d46b990575791781831d8ddf\" class=\"brz-menu__item menu-item menu-item-type-post_type menu-item-object-page\"><a class=\"brz-a\" target=\"\" href=\"https:\/\/exclamacao.consulting\/en\/eventos\/\" title=\"\"><span class=\"brz-span\">events<\/span><\/a><\/li>\n<li data-menu-item-id=\"c5741363d4f80f9c3f477bf8a2b8ee59\" class=\"brz-menu__item menu-item menu-item-type-post_type menu-item-object-page\"><a class=\"brz-a\" target=\"\" href=\"https:\/\/exclamacao.consulting\/en\/espacos\/\" title=\"\"><span class=\"brz-span\">places<\/span><\/a>\n<ul class=\"brz-menu__sub-menu\">\n<li data-menu-item-id=\"334f3ccd20744d89f952b7e52db087e4\" class=\"brz-menu__item menu-item menu-item-type-post_type menu-item-object-page\"><a class=\"brz-a\" target=\"\" href=\"https:\/\/exclamacao.consulting\/en\/quero-um-espaco\/\" title=\"\"><span class=\"brz-span\">create a new place<\/span><\/a><\/li>\n<li data-menu-item-id=\"41631005b398e5399142e747ca529f58\" class=\"brz-menu__item menu-item menu-item-type-post_type menu-item-object-page\"><a class=\"brz-a\" target=\"\" href=\"https:\/\/exclamacao.consulting\/en\/tenho-um-espaco\/\" title=\"\"><span class=\"brz-span\">I have a place<\/span><\/a><\/li>\n<li data-menu-item-id=\"ebd75950f3a95f9b45a762dcdccb3e2c\" class=\"brz-menu__item menu-item menu-item-type-post_type menu-item-object-page\"><a class=\"brz-a\" target=\"\" href=\"https:\/\/exclamacao.consulting\/en\/darkkitchen\/\" title=\"\"><span class=\"brz-span\">dark kitchens<\/span><\/a><\/li>\n<\/ul>\n<\/li>\n<li data-menu-item-id=\"b3102419ff2a600d29e539ee1c4eca14\" class=\"brz-menu__item menu-item menu-item-type-custom menu-item-object-custom menu-item-home\"><a class=\"brz-a\" target=\"\" href=\"https:\/\/exclamacao.consulting\/en\/#contacto\" title=\"\"><span class=\"brz-span\">contact us<\/span><\/a><\/li>\n<\/ul>\n<\/nav>\n<div class=\"brz-mm-menu__icon\"><svg class=\"brz-icon-svg align-[initial]\"><use href=\"\/wp-content\/plugins\/brizy\/public\/editor-build\/prod\/editor\/icons\/editor\/menu-3.svg#brz_icon\"><\/use><\/svg><\/div>\n<nav data-mods=\"%7B%22desktop%22%3A%22horizontal%22%2C%22tablet%22%3A%22horizontal%22%2C%22mobile%22%3A%22horizontal%22%7D\" id=\"tqYi2hxhroq1_a2cac22c860b3aed07d4\" class=\"brz-menu brz-menu__preview brz-menu__mmenu brz-menu--has-dropdown brz-css-ppqm0y brz-css-zw0y18\">\n<ul class=\"brz-menu__ul\" data-menu-items-active=\"\">\n<li data-menu-item-id=\"6e233faeae912fd0b96dd3b1dfaf843c\" class=\"brz-menu__item menu-item menu-item-type-custom menu-item-object-custom menu-item-home\"><a class=\"brz-a\" target=\"\" href=\"https:\/\/exclamacao.consulting\/en\/#quemsomos\" title=\"\"><span class=\"brz-span\">about us<\/span><\/a><\/li>\n<li data-menu-item-id=\"5993e4df10a76382fa9ff2e96d5c4757\" class=\"brz-menu__item menu-item menu-item-type-custom menu-item-object-custom menu-item-home\"><a class=\"brz-a\" target=\"\" href=\"https:\/\/exclamacao.consulting\/en\/#especialidades\" title=\"\"><span class=\"brz-span\">our specialties<\/span><\/a><\/li>\n<li data-menu-item-id=\"ffe3a675d46b990575791781831d8ddf\" class=\"brz-menu__item menu-item menu-item-type-post_type menu-item-object-page\"><a class=\"brz-a\" target=\"\" href=\"https:\/\/exclamacao.consulting\/en\/eventos\/\" title=\"\"><span class=\"brz-span\">events<\/span><\/a><\/li>\n<li data-menu-item-id=\"c5741363d4f80f9c3f477bf8a2b8ee59\" class=\"brz-menu__item menu-item menu-item-type-post_type menu-item-object-page\"><a class=\"brz-a\" target=\"\" href=\"https:\/\/exclamacao.consulting\/en\/espacos\/\" title=\"\"><span class=\"brz-span\">places<\/span><\/a>\n<ul class=\"brz-menu__sub-menu\">\n<li data-menu-item-id=\"334f3ccd20744d89f952b7e52db087e4\" class=\"brz-menu__item menu-item menu-item-type-post_type menu-item-object-page\"><a class=\"brz-a\" target=\"\" href=\"https:\/\/exclamacao.consulting\/en\/quero-um-espaco\/\" title=\"\"><span class=\"brz-span\">create a new place<\/span><\/a><\/li>\n<li data-menu-item-id=\"41631005b398e5399142e747ca529f58\" class=\"brz-menu__item menu-item menu-item-type-post_type menu-item-object-page\"><a class=\"brz-a\" target=\"\" href=\"https:\/\/exclamacao.consulting\/en\/tenho-um-espaco\/\" title=\"\"><span class=\"brz-span\">I have a place<\/span><\/a><\/li>\n<li data-menu-item-id=\"ebd75950f3a95f9b45a762dcdccb3e2c\" class=\"brz-menu__item menu-item menu-item-type-post_type menu-item-object-page\"><a class=\"brz-a\" target=\"\" href=\"https:\/\/exclamacao.consulting\/en\/darkkitchen\/\" title=\"\"><span class=\"brz-span\">dark kitchens<\/span><\/a><\/li>\n<\/ul>\n<\/li>\n<li data-menu-item-id=\"b3102419ff2a600d29e539ee1c4eca14\" class=\"brz-menu__item menu-item menu-item-type-custom menu-item-object-custom menu-item-home\"><a class=\"brz-a\" target=\"\" href=\"https:\/\/exclamacao.consulting\/en\/#contacto\" title=\"\"><span class=\"brz-span\">contact us<\/span><\/a><\/li>\n<\/ul>\n<\/nav>\n<\/div>\n<\/div>\n<\/div>\n<\/div>\n<\/div>\n<\/div>\n<div id=\"\" class=\"brz-css-13k1wv1 brz-css-18cd9ai brz-css-9h0q64 brz-wrapper\">\n<div class=\"brz-spacer brz-css-13hvsn brz-css-16iq161\"><\/div>\n<\/div>\n<div id=\"\" class=\"brz-css-13k1wv1 brz-css-18cd9ai brz-css-1c0v8ea brz-wrapper\">\n<div class=\"brz-spacer brz-css-13hvsn brz-css-eunhkd\"><\/div>\n<\/div>\n<div id=\"\" class=\"brz-css-13k1wv1 brz-css-1p376gk brz-wrapper\">\n<div class=\"brz-image brz-css-de2oll brz-css-y4m20p\" data-brz-custom-id=\"qovRgHtvwyBE\"><picture class=\"brz-picture brz-d-block brz-p-relative brz-css-73pg1i brz-css-w0lft6\"><source srcset=\"https:\/\/exclamacao.consulting\/wp-content\/uploads\/brizy\/imgs\/logo-419x156x0x2x419x154x1716296655.png 1x, https:\/\/exclamacao.consulting\/wp-content\/uploads\/brizy\/imgs\/logo-838x312x0x4x838x308x1716296655.png 2x\" media=\"(min-width: 992px)\"><source srcset=\"https:\/\/exclamacao.consulting\/wp-content\/uploads\/brizy\/imgs\/logo-168x62x0x1x168x62x1716296655.png 1x, https:\/\/exclamacao.consulting\/wp-content\/uploads\/brizy\/imgs\/logo-336x124x0x2x336x124x1716296655.png 2x\" media=\"(min-width: 768px)\"><img decoding=\"async\" class=\"brz-img\" srcset=\"https:\/\/exclamacao.consulting\/wp-content\/uploads\/brizy\/imgs\/logo-255x95x14x0x241x95x1716296655.png 1x, https:\/\/exclamacao.consulting\/wp-content\/uploads\/brizy\/imgs\/logo-510x190x28x0x482x190x1716296655.png 2x\" src=\"https:\/\/exclamacao.consulting\/wp-content\/uploads\/brizy\/imgs\/logo-419x156x0x2x419x154x1716296655.png\" alt=\"Logotipo da Exclama\u00e7\u00e3o f&#038;b Consulting \u2013 consultoria criativa food and beverage\" title=\"f&#038;b consulting\" draggable=\"false\" loading=\"lazy\"><\/picture><\/div>\n<\/div>\n<div id=\"\" class=\"brz-css-13k1wv1 brz-css-18cd9ai brz-css-1vbdky7 brz-wrapper\">\n<div class=\"brz-spacer brz-css-13hvsn brz-css-1ff0x3y\"><\/div>\n<\/div>\n<div id=\"\" class=\"brz-css-13k1wv1 brz-css-18cd9ai brz-css-1uybwgj brz-wrapper\">\n<div class=\"brz-spacer brz-css-13hvsn brz-css-1tlwu0k\"><\/div>\n<\/div>\n<div id=\"\" class=\"brz-css-13k1wv1 brz-css-18cd9ai brz-css-1lmdj2s brz-wrapper\">\n<div class=\"brz-spacer brz-css-13hvsn brz-css-gioj5j\"><\/div>\n<\/div>\n<div id=\"\" class=\"brz-css-13k1wv1 brz-css-18cd9ai brz-css-g8ffbk brz-wrapper\">\n<div class=\"brz-spacer brz-css-13hvsn brz-css-qc2j\"><\/div>\n<\/div>\n<div class=\"brz-wrapper-clone brz-flex-xs-wrap brz-css-a3mje2 brz-css-1dnc4l9\" data-brz-custom-id=\"wLrhjLcd5552\">\n<div class=\"brz-icon__container\" data-brz-custom-id=\"udnjqlaPQTOa\"><span class=\"brz-icon brz-span brz-css-1n7vlqo brz-css-rs09mq\"><svg class=\"brz-icon-svg align-[initial]\"><use href=\"\/wp-content\/plugins\/brizy\/public\/editor-build\/prod\/editor\/icons\/glyph\/tail-down.svg#nc_icon\"><\/use><\/svg><\/span><\/div>\n<\/div>\n<\/div>\n<\/div>\n<\/section>\n<section id=\"quemsomos\" class=\"brz-section brz-css-r6h9rn brz-css-17r93dy\">\n<div class=\"brz-section__content brz-section--boxed brz-css-opn1ek brz-css-1wrs5m\" data-brz-custom-id=\"waOOXt0YP2dS\">\n<div class=\"brz-bg\">\n<div class=\"brz-bg-color\"><\/div>\n<\/div>\n<div class=\"brz-container brz-css-1wbl648 brz-css-wh7sfq\">\n<div id=\"\" class=\"brz-css-bpb1p brz-css-15z76nd brz-wrapper\">\n<div class=\"brz-rich-text brz-rich-text__custom brz-css-1os0qlj brz-css-gp45zk\" data-brz-custom-id=\"qkgE79ZMQg6O\">\n<div data-brz-translate-text=\"1\">\n<h3 class=\"brz-text-lg-center brz-tp-lg-heading3 brz-fsft-lg-0 brz-fwdth-lg-100 brz-vfw-lg-400 brz-lh-lg-1_4 brz-ls-lg-m_1_5 brz-fw-lg-400 brz-fss-lg-px brz-fs-lg-28 brz-ft-upload brz-ff-t_d7iEDFZDtq brz-css-o9zIi\" data-generated-css=\"brz-css-eR9OH\" data-uniq-id=\"m7MgD\"><span class=\"brz-capitalize-on brz-cp-color8\" style=\"color: rgba(var(--brz-global-color8),1);\">about us<\/span><\/h3>\n<\/div>\n<\/div>\n<\/div>\n<div id=\"\" class=\"brz-css-bpb1p brz-css-17gze5u brz-wrapper\">\n<div class=\"brz-line brz-line-default brz-css-ojlfu6 brz-css-o0l0we\" data-brz-custom-id=\"t_fLMsynX8nn\">\n<hr class=\"brz-hr\"><\/div>\n<\/div>\n<div id=\"\" class=\"brz-css-bpb1p brz-css-s7q0kx brz-wrapper\">\n<div class=\"brz-rich-text brz-rich-text__custom brz-css-1os0qlj brz-css-1urgpon\" data-brz-custom-id=\"oCpOII84iAGF\">\n<div data-brz-translate-text=\"1\">\n<h2 class=\"brz-tp-lg-paragraph brz-css-oxgJZ\" data-uniq-id=\"ujDHH,nqLo_,eM9ks\" data-generated-css=\"brz-css-kJN3C,brz-css-mZ1Uh,brz-css-fx6KV\"><span class=\"brz-cp-color8\" style=\"color: rgba(var(--brz-global-color8),1);\">We are a group of F&amp;B consulting experts who believe that creativity is the right solution. We are deeply creative and we know what it\u00b4s like to have a place, be an investor or even an executive chef in the F&amp;B sector. We refine the art of hospitality, turning ideas into reality with practical and profitable guidelines. We help you execute the project in its entirety, whether it is a cafe, a bar, a fine dining restaurant or a pizzeria.<\/span><\/h2>\n<h2 class=\"brz-tp-lg-paragraph brz-css-wwe_e\" data-uniq-id=\"ujDHH,nqLo_,eM9ks\" data-generated-css=\"brz-css-kJN3C,brz-css-mZ1Uh,brz-css-fx6KV\"><span class=\"brz-cp-color8\" style=\"color: rgba(var(--brz-global-color8),1);\"> <\/span><\/h2>\n<h2 class=\"brz-tp-lg-paragraph brz-css-dsKHy\" data-uniq-id=\"ujDHH,nqLo_,eM9ks\" data-generated-css=\"brz-css-kJN3C,brz-css-mZ1Uh,brz-css-fx6KV\"><span class=\"brz-cp-color8\" style=\"color: rgba(var(--brz-global-color8),1);\">We are a multidisciplinary team that covers several areas, such as: chefs, bartenders, sommeliers, architects, designers, communication advisors, among many other essential specialties that make as a team that breathes hospitality.<\/span><\/h2>\n<h2 class=\"brz-tp-lg-paragraph brz-css-d1fpm\" data-uniq-id=\"ujDHH,nqLo_,eM9ks\" data-generated-css=\"brz-css-kJN3C,brz-css-mZ1Uh,brz-css-fx6KV\"><\/h2>\n<h2 class=\"brz-tp-lg-paragraph brz-css-tM2Eq\" data-uniq-id=\"eM9ks\" data-generated-css=\"brz-css-fx6KV\"><span class=\"brz-cp-color8\" style=\"color: rgba(var(--brz-global-color8),1);\">We bring your vision to reality.<\/span><\/h2>\n<\/div>\n<\/div>\n<\/div>\n<\/div>\n<\/div>\n<\/section>\n<section id=\"especialidades\" class=\"brz-section brz-css-3zupjr brz-css-1ndezpr\">\n<div class=\"brz-section__content brz-section--boxed brz-css-13j1tz6 brz-css-117srgs\" data-brz-custom-id=\"nr_DN30fP1Tu\">\n<div class=\"brz-container brz-css-jqa9re brz-css-dnbw4b\">\n<div id=\"\" class=\"brz-css-149l4xi brz-css-iyo02w brz-wrapper\">\n<div class=\"brz-rich-text brz-rich-text__custom brz-css-1wkatsu brz-css-1j7onhh\" data-brz-custom-id=\"c3W_nQfxlLMz\">\n<div data-brz-translate-text=\"1\">\n<h3 class=\"brz-text-lg-center brz-tp-lg-heading3 brz-fsft-lg-0 brz-fwdth-lg-100 brz-vfw-lg-400 brz-lh-lg-1_4 brz-ls-lg-m_1_5 brz-fw-lg-400 brz-fss-lg-px brz-fs-lg-28 brz-ft-upload brz-ff-t_d7iEDFZDtq brz-css-y5htp\" data-generated-css=\"brz-css-n5YGn\" data-uniq-id=\"jFDXW\"><span class=\"brz-capitalize-on brz-cp-color3\" style=\"color: rgba(var(--brz-global-color3),1);\">our specialties<\/span><\/h3>\n<\/div>\n<\/div>\n<\/div>\n<div id=\"\" class=\"brz-css-149l4xi brz-css-14o5p7y brz-wrapper\">\n<div class=\"brz-line brz-line-default brz-css-1wb7fin brz-css-jn5533\" data-brz-custom-id=\"upTnyD3B9824\">\n<hr class=\"brz-hr\"><\/div>\n<\/div>\n<div class=\"brz-row__container brz-css-lo0ysz brz-css-16bz3k4\" data-brz-custom-id=\"tSMx4SZz7cK3\">\n<div class=\"brz-row brz-css-1e0sm13 brz-css-1kdhszn brz-css-s97b1h\">\n<div class=\"brz-columns brz-css-1vn97nd brz-css-3fmo7h\" data-brz-custom-id=\"ebGp4q0NocLY\">\n<div class=\"brz-column__items brz-css-n3m4cb brz-css-94vp8n\">\n<div id=\"\" class=\"brz-css-149l4xi brz-css-1dj31jj brz-wrapper\">\n<div class=\"brz-rich-text brz-rich-text__custom brz-css-1wkatsu brz-css-deo7oj\" data-brz-custom-id=\"jEZVbNvHZCMC\">\n<div data-brz-translate-text=\"1\">\n<h4 class=\"brz-text-lg-center brz-tp-lg-heading4 brz-css-y41le\" data-generated-css=\"brz-css-nxnG0\" data-uniq-id=\"batH2\"><a class=\"brz-capitalize-on brz-cp-color3 link--page\" style=\"color: rgba(var(--brz-global-color3),1);\" href=\"https:\/\/exclamacao.consulting\/en\/eventos\/\" data-brz-link-type=\"page\">events<\/a><\/h4>\n<\/div>\n<\/div>\n<\/div>\n<\/div>\n<\/div>\n<div class=\"brz-columns brz-css-1vn97nd brz-css-or7oqb\" data-brz-custom-id=\"nKKyjK_RMLnX\">\n<div class=\"brz-column__items brz-css-n3m4cb brz-css-zvu5me\">\n<div id=\"\" class=\"brz-css-149l4xi brz-css-1b543nu brz-wrapper\">\n<div class=\"brz-rich-text brz-rich-text__custom brz-css-1wkatsu brz-css-8qhoqq\" data-brz-custom-id=\"lJBu_fa6G91U\">\n<div data-brz-translate-text=\"1\">\n<h4 class=\"brz-tp-lg-heading4 brz-text-lg-center brz-css-a7q52\" data-uniq-id=\"vky9i\" data-generated-css=\"brz-css-oYElJ\"><a class=\"brz-cp-color3 brz-capitalize-on link--page\" style=\"color: rgba(var(--brz-global-color3),1);\" href=\"https:\/\/exclamacao.consulting\/en\/espacos\/\" data-brz-link-type=\"page\">f&amp;b consulting<\/a><\/h4>\n<\/div>\n<\/div>\n<\/div>\n<\/div>\n<\/div>\n<\/div>\n<\/div>\n<\/div>\n<\/div>\n<\/section>\n<section id=\"contacto\" class=\"brz-section brz-css-1xkhg63 brz-css-117wdv5\">\n<div class=\"brz-section__content brz-section--boxed brz-css-1aw05ml brz-css-4k6slq\" data-brz-custom-id=\"eXHMy1MEA4nT\">\n<div class=\"brz-bg\">\n<div class=\"brz-bg-image\"><\/div>\n<div class=\"brz-bg-color\"><\/div>\n<\/div>\n<div class=\"brz-container brz-css-1d1eu2i brz-css-17osqyc\">\n<div class=\"brz-row__container brz-css-1d5fbal brz-css-178ts2a\" data-brz-custom-id=\"kPBXvcu0kyfn\">\n<div class=\"brz-row brz-css-62cbb1 brz-css-66rtjl brz-css-196qjti\">\n<div class=\"brz-columns brz-css-h6fap4 brz-css-q5pcab\" data-brz-custom-id=\"hMQ5nOsGCnep\">\n<div class=\"brz-column__items brz-css-1rxmewf brz-css-1jkn4vl\">\n<div id=\"\" class=\"brz-css-10ccbg9 brz-css-ag3iyc brz-css-1dluy8g brz-wrapper\">\n<div class=\"brz-spacer brz-css-1wxkhn4 brz-css-2d9dco\"><\/div>\n<\/div>\n<\/div>\n<\/div>\n<div class=\"brz-columns brz-css-h6fap4 brz-css-1mpbpxn\" data-brz-custom-id=\"jnHrDB4XcANk\">\n<div class=\"brz-bg\">\n<div class=\"brz-bg-color\"><\/div>\n<\/div>\n<div class=\"brz-column__items brz-css-1rxmewf brz-css-1fqq9pg\">\n<div id=\"\" class=\"brz-css-10ccbg9 brz-css-ag3iyc brz-css-180dqcn brz-wrapper\">\n<div class=\"brz-spacer brz-css-1wxkhn4 brz-css-1utu7ef\"><\/div>\n<\/div>\n<div id=\"\" class=\"brz-css-10ccbg9 brz-css-mx5k brz-wrapper\">\n<div class=\"brz-rich-text brz-rich-text__custom brz-css-jtv2kv brz-css-ft82ur\" data-brz-custom-id=\"nDxk4mdkDiAo\">\n<div data-brz-translate-text=\"1\">\n<h2 class=\"brz-text-xs-center brz-tp-lg-heading2 brz-css-mw4cm\" data-uniq-id=\"sgmdn\" data-generated-css=\"brz-css-i7por\"><a class=\"brz-cp-color8 link--anchor\" href=\"#contacto\" data-brz-link-type=\"anchor\">contact us<\/a><\/h2>\n<\/div>\n<\/div>\n<\/div>\n<div id=\"\" class=\"brz-css-10ccbg9 brz-css-ag3iyc brz-css-2ucpxf brz-wrapper\">\n<div class=\"brz-spacer brz-css-1wxkhn4 brz-css-z97r13\"><\/div>\n<\/div>\n<div id=\"\" class=\"brz-css-10ccbg9 brz-css-nvz03p brz-wrapper\">\n<div data-brz-form-version=\"2\" class=\"brz-forms2 brz-css-14mtark brz-css-12u2jzl\" data-brz-custom-id=\"hpDXnOv1ckzj\">\n<form class=\"brz-form brz-d-xs-flex brz-flex-xs-wrap\" novalidate=\"\" action=\"https:\/\/exclamacao.consulting\/wp-admin\/admin-ajax.php?nonce=9f7dc7709c&amp;action=brizy_submit_form\" data-brz-form-id=\"hpDXnOv1ckzj\" data-brz-project-id=\"cdc748e87f8c551d7bd56d73748bcb6c\" data-brz-success=\"\" data-brz-error=\"\" data-brz-redirect=\"\" data-brz-form-type=\"default\" data-brz-translatable-default-success=\"Your email was sent successfully\" data-brz-translatable-default-error=\"Your email was not sent\" data-brz-translatable-default-empty=\"Please check your entry and try again\">\n<div data-brz-translate-text=\"1\" class=\"brz-forms2__item brz-css-17tfrs0 brz-css-1oj3jdo brz-css-dxpxjz brz-css-1vjj86c\"><input type=\"text\" id=\"l6RI77LzZmBP_a63aa6cedb6678c3fa19\" name=\"kY7CSm6wrqmY\" placeholder=\"name\" required=\"\" data-brz-type=\"Text\" data-brz-label=\"nome\" data-brz-placeholder=\"nome\" class=\"brz-input brz-forms2__field brz-forms2__field-text\"><\/div>\n<div data-brz-translate-text=\"1\" class=\"brz-forms2__item brz-css-17tfrs0 brz-css-1oj3jdo brz-css-dxpxjz brz-css-bcsu8e\"><input type=\"email\" id=\"g2UciKDWDDqe_451109646bb8818d66db\" name=\"wpAS259EsfKq\" placeholder=\"e-mail\" required=\"\" pattern=\"%5E((%5B%5E%3C%3E%5C(%5C)%5C%5B%5C%5D%5C%5C.,;:%5Cs@%22%5D+(%5C.%5B%5E%3C%3E%5C(%5C)%5C%5B%5C%5D%5C%5C.,;:%5Cs@%22%5D+)*)%7C(%22.+%22))@((%5C%5B%5B0-9%5D%7B1,3%7D%5C.%5B0-9%5D%7B1,3%7D%5C.%5B0-9%5D%7B1,3%7D%5C.%5B0-9%5D%7B1,3%7D%5C%5D)%7C((%5Ba-zA-Z%5C-0-9%5D+%5C.)+%5Ba-zA-Z%5D%7B2,%7D))$\" data-brz-type=\"Email\" data-brz-label=\"e-mail\" data-brz-placeholder=\"e-mail\" maxlength=\"255\" class=\"brz-input brz-forms2__field brz-forms2__field-email\"><\/div>\n<div data-brz-translate-text=\"1\" class=\"brz-forms2__item brz-css-17tfrs0 brz-css-1oj3jdo brz-css-dxpxjz brz-css-1ty4z1y\"><textarea id=\"lVoKNoSwG6qM_c588b9e70c8125bfdd1f\" name=\"t2Hhhl_pQIgl\" placeholder=\"message\" data-brz-type=\"Paragraph\" data-brz-label=\"mensagem\" data-brz-placeholder=\"mensagem\" class=\"brz-textarea brz-forms2__field brz-forms2__field-paragraph\"><\/textarea><\/div>\n<div class=\"brz-forms2 brz-forms2__item brz-forms2__item-button\" data-brz-custom-id=\"hpDXnOv1ckzj\"><button class=\"brz-btn brz-btn-submit brz-css-1nmy1nr brz-css-1i1ovtw\" data-brz-custom-id=\"puqNpPKGZ61Y\"><span data-brz-translate-text=\"1\" class=\"brz-span brz-text__editor\">send message<\/span><\/button><svg class=\"brz-icon-svg align-[initial] brz-form-spinner brz-invisible brz-ed-animated--spin\"><use href=\"\/wp-content\/plugins\/brizy\/public\/editor-build\/prod\/editor\/icons\/glyph\/circle-02.svg#nc_icon\"><\/use><\/svg><\/div>\n<div class=\"brz-g-recaptcha\" data-sitekey=\"6LcU1-MpAAAAAJTrudz8fzX0X_gHovS5G2zRz2sC\" data-size=\"invisible\" data-callback=\"brzFormV2Captcha\"><\/div>\n<\/form>\n<\/div>\n<\/div>\n<div id=\"\" class=\"brz-css-10ccbg9 brz-css-ag3iyc brz-css-1xyjg6z brz-wrapper\">\n<div class=\"brz-spacer brz-css-1wxkhn4 brz-css-kkgg2o\"><\/div>\n<\/div>\n<\/div>\n<\/div>\n<\/div>\n<\/div>\n<\/div>\n<\/div>\n<\/section><\/div>\n<p><!-- version:1753181012 --><\/p>","protected":false},"excerpt":{"rendered":"<p>quem somos as nossas especialidades eventos espa\u00e7os quero um espa\u00e7o tenho um espa\u00e7o dark kitchens contacte-nos quem somos as nossas especialidades eventos espa\u00e7os quero um espa\u00e7o tenho um espa\u00e7o dark kitchens contacte-nos quem somos Somos um grupo de especialistas em consultoria F&amp;B que acreditam que a criatividade \u00e9 a solu\u00e7\u00e3o certa. Profundamente criativos, sabemos bem&hellip; <a class=\"more-link\" href=\"https:\/\/exclamacao.consulting\/en\/\">Continue reading <span class=\"screen-reader-text\">home<\/span><\/a><\/p>","protected":false},"author":1,"featured_media":0,"parent":0,"menu_order":0,"comment_status":"closed","ping_status":"closed","template":"brizy-blank-template.php","meta":{"footnotes":""},"class_list":["post-7","page","type-page","status-publish","hentry","entry"],"_links":{"self":[{"href":"https:\/\/exclamacao.consulting\/en\/wp-json\/wp\/v2\/pages\/7","targetHints":{"allow":["GET"]}}],"collection":[{"href":"https:\/\/exclamacao.consulting\/en\/wp-json\/wp\/v2\/pages"}],"about":[{"href":"https:\/\/exclamacao.consulting\/en\/wp-json\/wp\/v2\/types\/page"}],"author":[{"embeddable":true,"href":"https:\/\/exclamacao.consulting\/en\/wp-json\/wp\/v2\/users\/1"}],"replies":[{"embeddable":true,"href":"https:\/\/exclamacao.consulting\/en\/wp-json\/wp\/v2\/comments?post=7"}],"version-history":[{"count":0,"href":"https:\/\/exclamacao.consulting\/en\/wp-json\/wp\/v2\/pages\/7\/revisions"}],"wp:attachment":[{"href":"https:\/\/exclamacao.consulting\/en\/wp-json\/wp\/v2\/media?parent=7"}],"curies":[{"name":"wp","href":"https:\/\/api.w.org\/{rel}","templated":true}]}}