{"id":190,"date":"2024-05-21T13:41:57","date_gmt":"2024-05-21T13:41:57","guid":{"rendered":"https:\/\/exclamacao.consulting\/?page_id=190"},"modified":"2025-07-18T18:39:16","modified_gmt":"2025-07-18T18:39:16","slug":"espacos","status":"publish","type":"page","link":"https:\/\/exclamacao.consulting\/en\/espacos\/","title":{"rendered":"places"},"content":{"rendered":"<div class=\"brz-root__container brz-reset-all brz\">\n<section id=\"entrada\" class=\"brz-section brz-css-lBbom\">\n<div class=\"brz-section__content brz-section--fullWidth brz-css-wKTkS brz-css-ilc8H\" data-brz-custom-id=\"w3v8vjD0vyNt\">\n<div class=\"brz-bg\">\n<div class=\"brz-bg-image\"><\/div>\n<div class=\"brz-bg-color\"><\/div>\n<\/div>\n<div class=\"brz-container brz-css-uW7XJ brz-css-mDCth\">\n<div class=\"brz-row__container brz-css-qhh_h\" data-brz-custom-id=\"hgKiaX3kWYWi\">\n<div class=\"brz-bg\"><\/div>\n<div class=\"brz-row brz-css-eMjp7 brz-css-vX_37\">\n<div class=\"brz-columns brz-css-ockPP brz-css-h2IhZ\" data-brz-custom-id=\"p8jvrBSSlmlq\">\n<div class=\"brz-bg\"><\/div>\n<div class=\"brz-column__items brz-css-fX7jW\">\n<div id=\"\" class=\"brz-css-aPn9z brz-css-pm7rH brz-wrapper\">\n<div class=\"brz-image brz-css-d9IcB\" data-brz-custom-id=\"kNEl5VFyTXKO\"><a class=\"brz-a\" href=\"\" target=\"_self\" rel=\"noopener\" data-brz-link-type=\"page\"><img decoding=\"async\" class=\"brz-img\" src=\"https:\/\/exclamacao.consulting\/wp-content\/uploads\/brizy\/imgs\/logo-81x30x0x0x81x30x1716296655.png\" alt=\"\" loading=\"lazy\"><\/a><\/div>\n<\/div>\n<\/div>\n<\/div>\n<div class=\"brz-columns brz-css-ockPP brz-css-dRxb7\" data-brz-custom-id=\"bUrcWfyJ1NCS\">\n<div class=\"brz-bg\"><\/div>\n<div class=\"brz-column__items brz-css-fX7jW\">\n<div id=\"\" class=\"brz-css-aPn9z brz-css-iJ84n brz-wrapper\">\n<div class=\"brz-menu__container brz-css-tkWP2 brz-css-hfcT9\" data-mmenu-id=\"#tqYi2hxhroq1\" data-mmenu-position=\"position-right\" data-mmenu-title=\"\" data-mmenu-stickytitle=\"on\" data-mmenu-isslider=\"false\" data-mmenu-closingicon=\"%7B%22desktop%22%3A%22off%22%2C%22tablet%22%3A%22off%22%2C%22mobile%22%3A%22off%22%7D\" data-brz-custom-id=\"tqYi2hxhroq1\">\n<nav class=\"brz-menu brz-menu__preview brz-css-wCDmx brz-css-n23CG\">\n<ul class=\"brz-menu__ul\" data-menu-items-active=\"\">\n<li class=\"brz-menu__item\" data-menu-item-id=\"6e233faeae912fd0b96dd3b1dfaf843c\"><a class=\"brz-a menu-item menu-item-type-custom menu-item-object-custom menu-item-home brz-menu__item--current\" href=\"https:\/\/exclamacao.consulting\/en\/#quemsomos\" target=\"_self\" rel=\"noopener\" data-brz-link-type=\"external\"><span class=\"brz-span\">about us<\/span><\/a><\/li>\n<li class=\"brz-menu__item\" data-menu-item-id=\"5993e4df10a76382fa9ff2e96d5c4757\"><a class=\"brz-a menu-item menu-item-type-custom menu-item-object-custom menu-item-home brz-menu__item--current\" href=\"https:\/\/exclamacao.consulting\/en\/#especialidades\" target=\"_self\" rel=\"noopener\" data-brz-link-type=\"external\"><span class=\"brz-span\">our specialties<\/span><\/a><\/li>\n<li class=\"brz-menu__item\" data-menu-item-id=\"ffe3a675d46b990575791781831d8ddf\"><a class=\"brz-a menu-item menu-item-type-post_type menu-item-object-page brz-menu__item--current\" href=\"https:\/\/exclamacao.consulting\/en\/eventos\/\" target=\"_self\" rel=\"noopener\" data-brz-link-type=\"external\"><span class=\"brz-span\">events<\/span><\/a><\/li>\n<li class=\"brz-menu__item brz-menu__item-dropdown\" data-menu-item-id=\"c5741363d4f80f9c3f477bf8a2b8ee59\"><a class=\"brz-a menu-item menu-item-type-post_type menu-item-object-page current-menu-item page_item page-item-190 current_page_item brz-menu__item--current\" href=\"https:\/\/exclamacao.consulting\/en\/espacos\/\" target=\"_self\" rel=\"noopener\" data-brz-link-type=\"external\"><span class=\"brz-span\">places<\/span><\/a>\n<ul data-settings=\"%7B%22mods%22%3A%7B%22desktop%22%3A%22horizontal%22%2C%22tablet%22%3A%22horizontal%22%2C%22mobile%22%3A%22horizontal%22%7D%2C%22placement%22%3A%7B%22desktop%22%3A%22bottom-start%22%2C%22tablet%22%3A%22bottom-start%22%2C%22mobile%22%3A%22bottom-start%22%7D%7D\" class=\"brz-menu__dropdown brz-menu__sub-menu\">\n<li class=\"brz-menu__item\" data-menu-item-id=\"334f3ccd20744d89f952b7e52db087e4\"><a class=\"brz-a menu-item menu-item-type-post_type menu-item-object-page\" href=\"https:\/\/exclamacao.consulting\/en\/quero-um-espaco\/\" target=\"_self\" rel=\"noopener\" data-brz-link-type=\"external\"><span class=\"brz-span\">create a new place<\/span><\/a><\/li>\n<li class=\"brz-menu__item\" data-menu-item-id=\"41631005b398e5399142e747ca529f58\"><a class=\"brz-a menu-item menu-item-type-post_type menu-item-object-page\" href=\"https:\/\/exclamacao.consulting\/en\/tenho-um-espaco\/\" target=\"_self\" rel=\"noopener\" data-brz-link-type=\"external\"><span class=\"brz-span\">I have a place<\/span><\/a><\/li>\n<li class=\"brz-menu__item\" data-menu-item-id=\"ebd75950f3a95f9b45a762dcdccb3e2c\"><a class=\"brz-a menu-item menu-item-type-post_type menu-item-object-page\" href=\"https:\/\/exclamacao.consulting\/en\/darkkitchen\/\" target=\"_self\" rel=\"noopener\" data-brz-link-type=\"external\"><span class=\"brz-span\">dark kitchens<\/span><\/a><\/li>\n<\/ul>\n<\/li>\n<li class=\"brz-menu__item\" data-menu-item-id=\"b3102419ff2a600d29e539ee1c4eca14\"><a class=\"brz-a menu-item menu-item-type-custom menu-item-object-custom menu-item-home brz-menu__item--current\" href=\"https:\/\/exclamacao.consulting\/en\/#contacto\" target=\"_self\" rel=\"noopener\" data-brz-link-type=\"external\"><span class=\"brz-span\">contact us<\/span><\/a><\/li>\n<\/ul>\n<\/nav>\n<div class=\"brz-mm-menu__icon\"><\/div>\n<nav id=\"tqYi2hxhroq1\" class=\"brz-menu brz-menu__mmenu brz-menu--has-dropdown brz-menu__preview brz-css-wCDmx brz-css-n23CG\">\n<ul class=\"brz-menu__ul\" data-menu-items-active=\"\">\n<li class=\"brz-mm-menu__item brz-mm-menu__item-empty\" data-menu-item-id=\"6e233faeae912fd0b96dd3b1dfaf843c\"><a class=\"brz-a menu-item menu-item-type-custom menu-item-object-custom menu-item-home brz-menu__item--current\" href=\"https:\/\/exclamacao.consulting\/en\/#quemsomos\" target=\"_self\" rel=\"noopener\" data-brz-link-type=\"external\"><span class=\"brz-span\">about us<\/span><\/a>\n<div><\/div>\n<\/li>\n<li class=\"brz-mm-menu__item brz-mm-menu__item-empty\" data-menu-item-id=\"5993e4df10a76382fa9ff2e96d5c4757\"><a class=\"brz-a menu-item menu-item-type-custom menu-item-object-custom menu-item-home brz-menu__item--current\" href=\"https:\/\/exclamacao.consulting\/en\/#especialidades\" target=\"_self\" rel=\"noopener\" data-brz-link-type=\"external\"><span class=\"brz-span\">our specialties<\/span><\/a>\n<div><\/div>\n<\/li>\n<li class=\"brz-mm-menu__item brz-mm-menu__item-empty\" data-menu-item-id=\"ffe3a675d46b990575791781831d8ddf\"><a class=\"brz-a menu-item menu-item-type-post_type menu-item-object-page brz-menu__item--current\" href=\"https:\/\/exclamacao.consulting\/en\/eventos\/\" target=\"_self\" rel=\"noopener\" data-brz-link-type=\"external\"><span class=\"brz-span\">events<\/span><\/a>\n<div><\/div>\n<\/li>\n<li class=\"brz-mm-menu__item brz-mm-menu__item-dropdown\" data-menu-item-id=\"c5741363d4f80f9c3f477bf8a2b8ee59\"><a class=\"brz-a menu-item menu-item-type-post_type menu-item-object-page current-menu-item page_item page-item-190 current_page_item brz-menu__item--current\" href=\"https:\/\/exclamacao.consulting\/en\/espacos\/\" target=\"_self\" rel=\"noopener\" data-brz-link-type=\"external\"><span class=\"brz-span\">places<\/span><\/a>\n<div>\n<ul class=\"brz-mm-menu__sub-menu brz-menu__ul--has-dropdown\">\n<li class=\"brz-mm-menu__item brz-mm-menu__item-empty\" data-menu-item-id=\"334f3ccd20744d89f952b7e52db087e4\"><a class=\"brz-a menu-item menu-item-type-post_type menu-item-object-page\" href=\"https:\/\/exclamacao.consulting\/en\/quero-um-espaco\/\" target=\"_self\" rel=\"noopener\" data-brz-link-type=\"external\"><span class=\"brz-span\">create a new place<\/span><\/a>\n<div><\/div>\n<\/li>\n<li class=\"brz-mm-menu__item brz-mm-menu__item-empty\" data-menu-item-id=\"41631005b398e5399142e747ca529f58\"><a class=\"brz-a menu-item menu-item-type-post_type menu-item-object-page\" href=\"https:\/\/exclamacao.consulting\/en\/tenho-um-espaco\/\" target=\"_self\" rel=\"noopener\" data-brz-link-type=\"external\"><span class=\"brz-span\">I have a place<\/span><\/a>\n<div><\/div>\n<\/li>\n<li class=\"brz-mm-menu__item brz-mm-menu__item-empty\" data-menu-item-id=\"ebd75950f3a95f9b45a762dcdccb3e2c\"><a class=\"brz-a menu-item menu-item-type-post_type menu-item-object-page\" href=\"https:\/\/exclamacao.consulting\/en\/darkkitchen\/\" target=\"_self\" rel=\"noopener\" data-brz-link-type=\"external\"><span class=\"brz-span\">dark kitchens<\/span><\/a>\n<div><\/div>\n<\/li>\n<\/ul>\n<\/div>\n<\/li>\n<li class=\"brz-mm-menu__item brz-mm-menu__item-empty\" data-menu-item-id=\"b3102419ff2a600d29e539ee1c4eca14\"><a class=\"brz-a menu-item menu-item-type-custom menu-item-object-custom menu-item-home brz-menu__item--current\" href=\"https:\/\/exclamacao.consulting\/en\/#contacto\" target=\"_self\" rel=\"noopener\" data-brz-link-type=\"external\"><span class=\"brz-span\">contact us<\/span><\/a>\n<div><\/div>\n<\/li>\n<\/ul>\n<\/nav>\n<\/div>\n<\/div>\n<\/div>\n<\/div>\n<\/div>\n<\/div>\n<div id=\"\" class=\"brz-css-aPn9z brz-css-pAspV brz-css-mMIZ6 brz-wrapper\">\n<div class=\"brz-spacer brz-css-nCbnn brz-css-sWZiA\"><\/div>\n<\/div>\n<div id=\"\" class=\"brz-css-aPn9z brz-wrapper\">\n<div class=\"brz-rich-text brz-rich-text__custom brz-css-iUnp1\" data-brz-custom-id=\"pyDR0TF11urX\">\n<div data-brz-translate-text=\"1\">\n<h1 class=\"brz-tp-lg-heading1 brz-ff-t_d7iEDFZDtq brz-ft-upload brz-fs-lg-28 brz-fss-lg-px brz-fw-lg-400 brz-ls-lg-m_1_5 brz-lh-lg-1_4 brz-vfw-lg-400 brz-fwdth-lg-100 brz-fsft-lg-0 brz-text-lg-center brz-css-pcHrb\" data-uniq-id=\"jAaWG\" data-generated-css=\"brz-css-p7dAA\"><span class=\"brz-cp-color8\">f&amp;b consulting<\/span><\/h1>\n<\/div>\n<\/div>\n<\/div>\n<div id=\"\" class=\"brz-css-aPn9z brz-css-pAspV brz-css-i6qD9 brz-wrapper\">\n<div class=\"brz-spacer brz-css-nCbnn brz-css-n0fqi\"><\/div>\n<\/div>\n<div id=\"\" class=\"brz-css-aPn9z brz-css-pAspV brz-wrapper\">\n<div class=\"brz-spacer brz-css-nCbnn brz-css-hBOGd\"><\/div>\n<\/div>\n<div id=\"\" class=\"brz-css-aPn9z brz-css-pAspV brz-css-g4JNG brz-wrapper\">\n<div class=\"brz-spacer brz-css-nCbnn brz-css-aUfyK\"><\/div>\n<\/div>\n<div class=\"brz-wrapper-clone brz-css-al4HK\">\n<div class=\"brz-d-xs-flex brz-flex-xs-wrap brz-css-i5bjt brz-css-bMhG0\" data-brz-custom-id=\"\">\n<div class=\"brz-wrapper-clone__item\" id=\"pOKbz1frqdnI\"><a class=\"brz-a brz-btn brz-css-kZPCY brz-css-yU2vc\" href=\"\" target=\"_self\" rel=\"noopener\" data-brz-link-type=\"page\" data-brz-custom-id=\"pOKbz1frqdnI\"><span data-brz-translate-text=\"1\" class=\"brz-span brz-text__editor\">I want to have a place<\/span><\/a><\/div>\n<div class=\"brz-wrapper-clone__item\" id=\"okhY8vARSi6x\"><a class=\"brz-a brz-btn brz-css-kZPCY brz-css-xuiPZ\" href=\"\" target=\"_self\" rel=\"noopener\" data-brz-link-type=\"page\" data-brz-custom-id=\"okhY8vARSi6x\"><span data-brz-translate-text=\"1\" class=\"brz-span brz-text__editor\">need help<\/span><\/a><\/div>\n<div class=\"brz-wrapper-clone__item\" id=\"yo0jsVmp4_fD\"><a class=\"brz-a brz-btn brz-css-kZPCY brz-css-xh1Gh\" href=\"\" target=\"_self\" rel=\"noopener\" data-brz-link-type=\"page\" data-brz-custom-id=\"yo0jsVmp4_fD\"><span data-brz-translate-text=\"1\" class=\"brz-span brz-text__editor\">creat a dark kitchen<\/span><\/a><\/div>\n<\/div>\n<\/div>\n<div id=\"\" class=\"brz-css-aPn9z brz-css-pAspV brz-wrapper\">\n<div class=\"brz-spacer brz-css-nCbnn brz-css-v8zHo\"><\/div>\n<\/div>\n<div class=\"brz-wrapper-clone brz-css-al4HK\">\n<div class=\"brz-d-xs-flex brz-flex-xs-wrap brz-css-i5bjt brz-css-jSqky\" data-brz-custom-id=\"\">\n<div class=\"brz-wrapper-clone__item\" id=\"zW9zDBvShFwL\"><a class=\"brz-a brz-btn brz-css-kZPCY brz-css-fyZe9\" href=\"https:\/\/exclamacao.consulting\/en\/#contacto\" target=\"_self\" rel=\"noopener\" data-brz-link-type=\"external\" data-brz-custom-id=\"zW9zDBvShFwL\"><span data-brz-translate-text=\"1\" class=\"brz-span brz-text__editor\">CONTACT US<\/span><\/a><\/div>\n<\/div>\n<\/div>\n<\/div>\n<\/div>\n<\/section>\n<\/div>\n<p>    <!-- version:1722254995 --><\/p>","protected":false},"excerpt":{"rendered":"<p>quem somos as nossas especialidades eventos espa\u00e7os quero um espa\u00e7o tenho um espa\u00e7o dark kitchens contacte-nos quem somos as nossas especialidades eventos espa\u00e7os quero um espa\u00e7o tenho um espa\u00e7o dark kitchens contacte-nos f&amp;b consulting quero criar um espa\u00e7o preciso de ajuda quero criar uma dark kitchen CONTACTE-NOS<\/p>","protected":false},"author":1,"featured_media":0,"parent":0,"menu_order":0,"comment_status":"closed","ping_status":"closed","template":"brizy-blank-template.php","meta":{"footnotes":""},"class_list":["post-190","page","type-page","status-publish","hentry","entry"],"_links":{"self":[{"href":"https:\/\/exclamacao.consulting\/en\/wp-json\/wp\/v2\/pages\/190","targetHints":{"allow":["GET"]}}],"collection":[{"href":"https:\/\/exclamacao.consulting\/en\/wp-json\/wp\/v2\/pages"}],"about":[{"href":"https:\/\/exclamacao.consulting\/en\/wp-json\/wp\/v2\/types\/page"}],"author":[{"embeddable":true,"href":"https:\/\/exclamacao.consulting\/en\/wp-json\/wp\/v2\/users\/1"}],"replies":[{"embeddable":true,"href":"https:\/\/exclamacao.consulting\/en\/wp-json\/wp\/v2\/comments?post=190"}],"version-history":[{"count":0,"href":"https:\/\/exclamacao.consulting\/en\/wp-json\/wp\/v2\/pages\/190\/revisions"}],"wp:attachment":[{"href":"https:\/\/exclamacao.consulting\/en\/wp-json\/wp\/v2\/media?parent=190"}],"curies":[{"name":"wp","href":"https:\/\/api.w.org\/{rel}","templated":true}]}}