{"id":174,"date":"2024-05-21T13:38:11","date_gmt":"2024-05-21T13:38:11","guid":{"rendered":"https:\/\/exclamacao.consulting\/?page_id=174"},"modified":"2025-07-18T18:39:26","modified_gmt":"2025-07-18T18:39:26","slug":"quero-um-espaco","status":"publish","type":"page","link":"https:\/\/exclamacao.consulting\/en\/quero-um-espaco\/","title":{"rendered":"create a new place"},"content":{"rendered":"<div class=\"brz-root__container brz-reset-all brz brz-root__container-page\">\n<section id=\"entrada\" class=\"brz-section brz-css-19tec03\">\n<div class=\"brz-section__content brz-section--fullWidth brz-css-mox4wq brz-css-fq2aqd\" data-brz-custom-id=\"w3v8vjD0vyNt\">\n<div class=\"brz-bg\">\n<div class=\"brz-bg-image\"><\/div>\n<div class=\"brz-bg-color\"><\/div>\n<\/div>\n<div class=\"brz-container brz-css-160lqoq brz-css-1juouyz\">\n<div class=\"brz-row__container brz-css-phdhxd\" data-brz-custom-id=\"hgKiaX3kWYWi\">\n<div class=\"brz-bg\"><\/div>\n<div class=\"brz-row brz-css-ievbz4 brz-css-1v4fla8\">\n<div class=\"brz-columns brz-css-1d4g8e7 brz-css-1aomqen\" data-brz-custom-id=\"p8jvrBSSlmlq\">\n<div class=\"brz-bg\"><\/div>\n<div class=\"brz-column__items brz-css-1hyj2a9\">\n<div id=\"\" class=\"brz-css-13k1wv1 brz-css-gkrh83 brz-wrapper\">\n<div class=\"brz-image brz-css-1faujxj\" data-brz-custom-id=\"kNEl5VFyTXKO\"><img decoding=\"async\" class=\"brz-img\" src=\"https:\/\/exclamacao.consulting\/wp-content\/uploads\/brizy\/imgs\/logo-81x30x0x0x81x30x1716296655.png\" alt=\"exclama\u00e7\u00e3o! f&amp;b consulting\" loading=\"lazy\"><\/div>\n<\/div>\n<\/div>\n<\/div>\n<div class=\"brz-columns brz-css-1d4g8e7 brz-css-1cxxcwm\" data-brz-custom-id=\"bUrcWfyJ1NCS\">\n<div class=\"brz-bg\"><\/div>\n<div class=\"brz-column__items brz-css-1hyj2a9\">\n<div id=\"\" class=\"brz-css-13k1wv1 brz-css-vf7vyk brz-wrapper\">\n<div class=\"brz-menu__container brz-css-1n5ggud brz-css-7kn04c\" data-mmenu-id=\"#tqYi2hxhroq1_d0d0f571a16025203ddd\" data-mmenu-position=\"position-right\" data-mmenu-title=\"\" data-mmenu-stickytitle=\"on\" data-mmenu-isslider=\"false\" data-mmenu-closingicon=\"%7B%22desktop%22%3A%22off%22%2C%22tablet%22%3A%22off%22%2C%22mobile%22%3A%22off%22%7D\" data-brz-custom-id=\"tqYi2hxhroq1\">\n<nav data-mods=\"%7B%22desktop%22%3A%22horizontal%22%2C%22tablet%22%3A%22horizontal%22%2C%22mobile%22%3A%22horizontal%22%7D\" class=\"brz-menu brz-menu__preview brz-css-14gyzd8\">\n<ul class=\"brz-menu__ul\" data-menu-items-active=\"334f3ccd20744d89f952b7e52db087e4,c5741363d4f80f9c3f477bf8a2b8ee59\">\n<li data-menu-item-id=\"6e233faeae912fd0b96dd3b1dfaf843c\" class=\"brz-menu__item menu-item menu-item-type-custom menu-item-object-custom\"><a class=\"brz-a\" target=\"\" href=\"https:\/\/exclamacao.consulting\/en\/#quemsomos\" title=\"\"><span class=\"brz-span\">about us<\/span><\/a><\/li>\n<li data-menu-item-id=\"5993e4df10a76382fa9ff2e96d5c4757\" class=\"brz-menu__item menu-item menu-item-type-custom menu-item-object-custom\"><a class=\"brz-a\" target=\"\" href=\"https:\/\/exclamacao.consulting\/en\/#especialidades\" title=\"\"><span class=\"brz-span\">our specialties<\/span><\/a><\/li>\n<li data-menu-item-id=\"ffe3a675d46b990575791781831d8ddf\" class=\"brz-menu__item menu-item menu-item-type-post_type menu-item-object-page\"><a class=\"brz-a\" target=\"\" href=\"https:\/\/exclamacao.consulting\/en\/eventos\/\" title=\"\"><span class=\"brz-span\">events<\/span><\/a><\/li>\n<li data-menu-item-id=\"c5741363d4f80f9c3f477bf8a2b8ee59\" class=\"brz-menu__item menu-item menu-item-type-post_type menu-item-object-page current-menu-ancestor current-menu-parent current_page_parent current_page_ancestor\"><a class=\"brz-a\" target=\"\" href=\"https:\/\/exclamacao.consulting\/en\/espacos\/\" title=\"\"><span class=\"brz-span\">places<\/span><\/a>\n<ul class=\"brz-menu__sub-menu\">\n<li data-menu-item-id=\"334f3ccd20744d89f952b7e52db087e4\" class=\"brz-menu__item menu-item menu-item-type-post_type menu-item-object-page current-menu-item page_item page-item-174 current_page_item\"><a class=\"brz-a\" target=\"\" href=\"https:\/\/exclamacao.consulting\/en\/quero-um-espaco\/\" title=\"\"><span class=\"brz-span\">create a new place<\/span><\/a><\/li>\n<li data-menu-item-id=\"41631005b398e5399142e747ca529f58\" class=\"brz-menu__item menu-item menu-item-type-post_type menu-item-object-page\"><a class=\"brz-a\" target=\"\" href=\"https:\/\/exclamacao.consulting\/en\/tenho-um-espaco\/\" title=\"\"><span class=\"brz-span\">I have a place<\/span><\/a><\/li>\n<li data-menu-item-id=\"ebd75950f3a95f9b45a762dcdccb3e2c\" class=\"brz-menu__item menu-item menu-item-type-post_type menu-item-object-page\"><a class=\"brz-a\" target=\"\" href=\"https:\/\/exclamacao.consulting\/en\/darkkitchen\/\" title=\"\"><span class=\"brz-span\">dark kitchens<\/span><\/a><\/li>\n<\/ul>\n<\/li>\n<li data-menu-item-id=\"b3102419ff2a600d29e539ee1c4eca14\" class=\"brz-menu__item menu-item menu-item-type-custom menu-item-object-custom\"><a class=\"brz-a\" target=\"\" href=\"https:\/\/exclamacao.consulting\/en\/#contacto\" title=\"\"><span class=\"brz-span\">contact us<\/span><\/a><\/li>\n<\/ul>\n<\/nav>\n<div class=\"brz-mm-menu__icon\"><\/div>\n<nav data-mods=\"%7B%22desktop%22%3A%22horizontal%22%2C%22tablet%22%3A%22horizontal%22%2C%22mobile%22%3A%22horizontal%22%7D\" id=\"tqYi2hxhroq1_d0d0f571a16025203ddd\" class=\"brz-menu brz-menu__preview brz-menu__mmenu brz-menu--has-dropdown brz-css-1vruuha brz-css-lbzft\">\n<ul class=\"brz-menu__ul\" data-menu-items-active=\"334f3ccd20744d89f952b7e52db087e4,c5741363d4f80f9c3f477bf8a2b8ee59\">\n<li data-menu-item-id=\"6e233faeae912fd0b96dd3b1dfaf843c\" class=\"brz-menu__item menu-item menu-item-type-custom menu-item-object-custom\"><a class=\"brz-a\" target=\"\" href=\"https:\/\/exclamacao.consulting\/en\/#quemsomos\" title=\"\"><span class=\"brz-span\">about us<\/span><\/a><\/li>\n<li data-menu-item-id=\"5993e4df10a76382fa9ff2e96d5c4757\" class=\"brz-menu__item menu-item menu-item-type-custom menu-item-object-custom\"><a class=\"brz-a\" target=\"\" href=\"https:\/\/exclamacao.consulting\/en\/#especialidades\" title=\"\"><span class=\"brz-span\">our specialties<\/span><\/a><\/li>\n<li data-menu-item-id=\"ffe3a675d46b990575791781831d8ddf\" class=\"brz-menu__item menu-item menu-item-type-post_type menu-item-object-page\"><a class=\"brz-a\" target=\"\" href=\"https:\/\/exclamacao.consulting\/en\/eventos\/\" title=\"\"><span class=\"brz-span\">events<\/span><\/a><\/li>\n<li data-menu-item-id=\"c5741363d4f80f9c3f477bf8a2b8ee59\" class=\"brz-menu__item menu-item menu-item-type-post_type menu-item-object-page current-menu-ancestor current-menu-parent current_page_parent current_page_ancestor\"><a class=\"brz-a\" target=\"\" href=\"https:\/\/exclamacao.consulting\/en\/espacos\/\" title=\"\"><span class=\"brz-span\">places<\/span><\/a>\n<ul class=\"brz-menu__sub-menu\">\n<li data-menu-item-id=\"334f3ccd20744d89f952b7e52db087e4\" class=\"brz-menu__item menu-item menu-item-type-post_type menu-item-object-page current-menu-item page_item page-item-174 current_page_item\"><a class=\"brz-a\" target=\"\" href=\"https:\/\/exclamacao.consulting\/en\/quero-um-espaco\/\" title=\"\"><span class=\"brz-span\">create a new place<\/span><\/a><\/li>\n<li data-menu-item-id=\"41631005b398e5399142e747ca529f58\" class=\"brz-menu__item menu-item menu-item-type-post_type menu-item-object-page\"><a class=\"brz-a\" target=\"\" href=\"https:\/\/exclamacao.consulting\/en\/tenho-um-espaco\/\" title=\"\"><span class=\"brz-span\">I have a place<\/span><\/a><\/li>\n<li data-menu-item-id=\"ebd75950f3a95f9b45a762dcdccb3e2c\" class=\"brz-menu__item menu-item menu-item-type-post_type menu-item-object-page\"><a class=\"brz-a\" target=\"\" href=\"https:\/\/exclamacao.consulting\/en\/darkkitchen\/\" title=\"\"><span class=\"brz-span\">dark kitchens<\/span><\/a><\/li>\n<\/ul>\n<\/li>\n<li data-menu-item-id=\"b3102419ff2a600d29e539ee1c4eca14\" class=\"brz-menu__item menu-item menu-item-type-custom menu-item-object-custom\"><a class=\"brz-a\" target=\"\" href=\"https:\/\/exclamacao.consulting\/en\/#contacto\" title=\"\"><span class=\"brz-span\">contact us<\/span><\/a><\/li>\n<\/ul>\n<\/nav>\n<\/div>\n<\/div>\n<\/div>\n<\/div>\n<\/div>\n<\/div>\n<div id=\"\" class=\"brz-css-13k1wv1 brz-css-18cd9ai brz-css-1uks24g brz-wrapper\">\n<div class=\"brz-spacer brz-css-13hvsn brz-css-2e5zrn\"><\/div>\n<\/div>\n<div id=\"\" class=\"brz-css-13k1wv1 brz-wrapper\">\n<div class=\"brz-rich-text brz-rich-text__custom brz-css-1c48d6w\" data-brz-custom-id=\"pyDR0TF11urX\">\n<div data-brz-translate-text=\"1\">\n<h1 class=\"brz-tp-lg-heading1 brz-ff-t_d7iEDFZDtq brz-ft-upload brz-fs-lg-28 brz-fss-lg-px brz-fw-lg-400 brz-ls-lg-m_1_5 brz-lh-lg-1_4 brz-vfw-lg-400 brz-fwdth-lg-100 brz-fsft-lg-0 brz-text-lg-center brz-css-v8ws5\" data-uniq-id=\"xNdfr\" data-generated-css=\"brz-css-o_sL4\"><span class=\"brz-cp-color8 brz-capitalize-on\">create a new place<\/span><\/h1>\n<\/div>\n<\/div>\n<\/div>\n<div id=\"\" class=\"brz-css-13k1wv1 brz-css-18cd9ai brz-css-xs2iiq brz-wrapper\">\n<div class=\"brz-spacer brz-css-13hvsn brz-css-1yhu5cd\"><\/div>\n<\/div>\n<div id=\"\" class=\"brz-css-13k1wv1 brz-css-18cd9ai brz-wrapper\">\n<div class=\"brz-spacer brz-css-13hvsn brz-css-azqsu9\"><\/div>\n<\/div>\n<div id=\"\" class=\"brz-css-13k1wv1 brz-css-18cd9ai brz-css-qi958m brz-wrapper\">\n<div class=\"brz-spacer brz-css-13hvsn brz-css-1u7tq5j\"><\/div>\n<\/div>\n<div class=\"brz-wrapper-clone brz-css-857bcm brz-css-1att6j9\">\n<div class=\"brz-d-xs-flex brz-flex-xs-wrap brz-css-1uj4rco\" data-brz-custom-id=\"\">\n<div class=\"brz-wrapper-clone__item\" id=\"udnjqlaPQTOa\">\n<div class=\"brz-icon__container\" data-brz-custom-id=\"udnjqlaPQTOa\"><span class=\"brz-icon brz-span brz-css-15vjrji brz-css-swh6dw\"><\/span><\/div>\n<\/div>\n<\/div>\n<\/div>\n<\/div>\n<\/div>\n<\/section>\n<section id=\"2c504060a259033c05f4_zMW9IV9nvaVq\" class=\"brz-section brz-css-19tec03\">\n<div class=\"brz-section__content brz-section--boxed brz-css-mox4wq brz-css-1w5yijk\" data-brz-custom-id=\"waOOXt0YP2dS\">\n<div class=\"brz-bg\">\n<div class=\"brz-bg-color\"><\/div>\n<\/div>\n<div class=\"brz-container brz-css-160lqoq\">\n<div id=\"\" class=\"brz-css-13k1wv1 brz-wrapper\">\n<div class=\"brz-rich-text brz-rich-text__custom brz-css-1c48d6w\" data-brz-custom-id=\"qkgE79ZMQg6O\">\n<div data-brz-translate-text=\"1\">\n<h3 class=\"brz-ff-t_d7iEDFZDtq brz-ft-upload brz-fs-lg-28 brz-fss-lg-px brz-fw-lg-400 brz-ls-lg-m_1_5 brz-lh-lg-1_4 brz-vfw-lg-400 brz-fwdth-lg-100 brz-fsft-lg-0 brz-tp-lg-heading3 brz-text-lg-center brz-css-lWbAm\" data-uniq-id=\"gWagP\" data-generated-css=\"brz-css-p8cfF\"><span class=\"brz-cp-color8 brz-capitalize-on\">we bring your idea to life<\/span><\/h3>\n<\/div>\n<\/div>\n<\/div>\n<div id=\"\" class=\"brz-css-13k1wv1 brz-wrapper\">\n<div class=\"brz-line brz-line-default brz-css-ojlfu6 brz-css-o0l0we\" data-brz-custom-id=\"t_fLMsynX8nn\">\n<hr class=\"brz-hr\"><\/div>\n<\/div>\n<div id=\"\" class=\"brz-css-13k1wv1 brz-css-ym72hg brz-wrapper\">\n<div class=\"brz-rich-text brz-rich-text__custom brz-css-1c48d6w\" data-brz-custom-id=\"oCpOII84iAGF\">\n<div data-brz-translate-text=\"1\">\n<h2 class=\"brz-tp-lg-paragraph brz-text-lg-center brz-css-s4fxq\" data-uniq-id=\"lPTnE\" data-generated-css=\"brz-css-u5hO2\"><span class=\"brz-cp-color8\">Onde alguns v\u00eaem 4 paredes, n\u00f3s desenhamos um espa\u00e7o onde a hospitalidade \u00e9 a palavra-chave. Da &#8220;tela em branco&#8221; a Exclama\u00e7\u00e3o F&amp;B faz acontecer!<\/span><\/h2>\n<\/div>\n<\/div>\n<\/div>\n<\/div>\n<\/div>\n<\/section>\n<section id=\"1f96ad61788a8cf6a23a_lVICLjLejjy0\" class=\"brz-section brz-css-19tec03\">\n<div class=\"brz-section__content brz-section--boxed brz-css-mox4wq\" data-brz-custom-id=\"nr_DN30fP1Tu\">\n<div class=\"brz-container brz-css-160lqoq\">\n<div id=\"\" class=\"brz-css-13k1wv1 brz-wrapper\">\n<div class=\"brz-rich-text brz-rich-text__custom brz-css-1c48d6w\" data-brz-custom-id=\"c3W_nQfxlLMz\">\n<div data-brz-translate-text=\"1\">\n<h3 data-uniq-id=\"qnkWz\" data-generated-css=\"brz-css-l8gBw\" class=\"brz-ff-t_d7iEDFZDtq brz-ft-upload brz-fs-lg-28 brz-fss-lg-px brz-fw-lg-400 brz-ls-lg-m_1_5 brz-lh-lg-1_4 brz-vfw-lg-400 brz-fwdth-lg-100 brz-fsft-lg-0 brz-tp-lg-heading3 brz-text-lg-center brz-css-bVBOP\"><span class=\"brz-cp-color3 brz-capitalize-on\">What we do<\/span><\/h3>\n<\/div>\n<\/div>\n<\/div>\n<div id=\"\" class=\"brz-css-13k1wv1 brz-wrapper\">\n<div class=\"brz-line brz-line-default brz-css-ojlfu6 brz-css-jn5533\" data-brz-custom-id=\"upTnyD3B9824\">\n<hr class=\"brz-hr\"><\/div>\n<\/div>\n<div class=\"brz-row__container brz-css-phdhxd\" data-brz-custom-id=\"x4bJf9slvTX6\">\n<div class=\"brz-bg\"><\/div>\n<div class=\"brz-row brz-css-ievbz4 brz-css-1v4fla8\">\n<div class=\"brz-columns brz-css-1d4g8e7 brz-css-16wswd1\" data-brz-custom-id=\"wJPZtMrvGDPe\">\n<div class=\"brz-bg\"><\/div>\n<div class=\"brz-column__items brz-css-1hyj2a9\">\n<div id=\"\" class=\"brz-css-13k1wv1 brz-wrapper\">\n<div class=\"brz-rich-text brz-rich-text__custom brz-css-1c48d6w\" data-brz-custom-id=\"zVhlAi3H7mJu\">\n<div data-brz-translate-text=\"1\">\n<h4 class=\"brz-tp-lg-heading4 brz-text-lg-center brz-css-z_zTn\" data-uniq-id=\"rMCxF\" data-generated-css=\"brz-css-qgbb0\"><span class=\"brz-cp-color3 brz-capitalize-on\">DUE DILIGENCE<\/span><\/h4>\n<\/div>\n<\/div>\n<\/div>\n<\/div>\n<\/div>\n<\/div>\n<\/div>\n<div class=\"brz-row__container brz-css-phdhxd\" data-brz-custom-id=\"tSMx4SZz7cK3\">\n<div class=\"brz-bg\"><\/div>\n<div class=\"brz-row brz-css-ievbz4 brz-css-1v4fla8\">\n<div class=\"brz-columns brz-css-1d4g8e7 brz-css-191uaxc\" data-brz-custom-id=\"ebGp4q0NocLY\">\n<div class=\"brz-bg\"><\/div>\n<div class=\"brz-column__items brz-css-1hyj2a9\">\n<div id=\"\" class=\"brz-css-13k1wv1 brz-wrapper\">\n<div class=\"brz-rich-text brz-rich-text__custom brz-css-1c48d6w\" data-brz-custom-id=\"jEZVbNvHZCMC\">\n<div data-brz-translate-text=\"1\">\n<h4 data-uniq-id=\"xC9kk\" data-generated-css=\"brz-css-b6hMR\" class=\"brz-tp-lg-heading4 brz-text-lg-center brz-css-dAQSO\"><span class=\"brz-cp-color3 brz-capitalize-on\">CONCEPTUALIZATION<\/span><\/h4>\n<\/div>\n<\/div>\n<\/div>\n<div id=\"\" class=\"brz-css-13k1wv1 brz-wrapper\">\n<div class=\"brz-rich-text brz-rich-text__custom brz-css-1c48d6w\" data-brz-custom-id=\"nYxlCnY2iRGw\">\n<div data-brz-translate-text=\"1\">\n<h5 data-uniq-id=\"d_YHp\" data-generated-css=\"brz-css-he_wR\" class=\"brz-text-lg-center brz-tp-lg-heading5 brz-css-qXG4C\"><span class=\"brz-cp-color3\">Strategy<\/span><\/h5>\n<h5 data-uniq-id=\"zatwn\" data-generated-css=\"brz-css-jgRQ1\" class=\"brz-text-lg-center brz-tp-lg-heading5 brz-css-bicyQ\"><span class=\"brz-cp-color3\">Architecture<\/span><\/h5>\n<h5 data-uniq-id=\"pweJ1\" data-generated-css=\"brz-css-h0MIs\" class=\"brz-text-lg-center brz-tp-lg-heading5 brz-css-nCE6P\"><span class=\"brz-cp-color3\">Interior Design<\/span><\/h5>\n<h5 data-uniq-id=\"zTfm6\" data-generated-css=\"brz-css-ervtc\" class=\"brz-text-lg-center brz-tp-lg-heading5 brz-css-rDf19\"><span class=\"brz-cp-color3\"> Conceptualization and development of the menu<\/span><\/h5>\n<h5 data-uniq-id=\"wx_k4\" data-generated-css=\"brz-css-iRDYp\" class=\"brz-text-lg-center brz-tp-lg-heading5 brz-css-aDvMU\"><span class=\"brz-cp-color3\">Build up of the cocktails and wine menu<\/span><\/h5>\n<h5 data-uniq-id=\"p81hC\" data-generated-css=\"brz-css-lHvjW\" class=\"brz-text-lg-center brz-tp-lg-heading5 brz-css-z7mnv\"><span class=\"brz-cp-color3\">SOP\u00b4s (standard operation procedures)<\/span><\/h5>\n<h5 data-uniq-id=\"qeMsa\" data-generated-css=\"brz-css-sVfQM\" class=\"brz-text-lg-center brz-tp-lg-heading5 brz-css-yX1v9\"><span class=\"brz-cp-color3\">HR<\/span><\/h5>\n<h5 data-uniq-id=\"kZdsf\" data-generated-css=\"brz-css-spgzS\" class=\"brz-text-lg-center brz-tp-lg-heading5 brz-css-pqg3j\"><span class=\"brz-cp-color3\">Creation of food bible and floor bible<\/span><\/h5>\n<h5 data-uniq-id=\"vvn0e\" data-generated-css=\"brz-css-vgzEL\" class=\"brz-text-lg-center brz-tp-lg-heading5 brz-css-doZb6\"><span class=\"brz-cp-color3\">Creating kitchen procedures<\/span><\/h5>\n<\/div>\n<\/div>\n<\/div>\n<\/div>\n<\/div>\n<\/div>\n<\/div>\n<div class=\"brz-row__container brz-css-phdhxd\" data-brz-custom-id=\"hB5EGqAJC6yQ\">\n<div class=\"brz-bg\"><\/div>\n<div class=\"brz-row brz-css-ievbz4 brz-css-1v4fla8\">\n<div class=\"brz-columns brz-css-1d4g8e7 brz-css-1x93ptj\" data-brz-custom-id=\"zfdoShTM6mco\">\n<div class=\"brz-bg\"><\/div>\n<div class=\"brz-column__items brz-css-1hyj2a9\">\n<div id=\"\" class=\"brz-css-13k1wv1 brz-wrapper\">\n<div class=\"brz-rich-text brz-rich-text__custom brz-css-1c48d6w\" data-brz-custom-id=\"nGS5OfvBbLKP\">\n<div data-brz-translate-text=\"1\">\n<h4 class=\"brz-text-lg-center brz-tp-lg-heading4 brz-css-ahPox\" data-generated-css=\"brz-css-vChOn\" data-uniq-id=\"yjNWD\"><span class=\"brz-capitalize-on brz-cp-color3\">CONSULTING<\/span><\/h4>\n<\/div>\n<\/div>\n<\/div>\n<\/div>\n<\/div>\n<\/div>\n<\/div>\n<div class=\"brz-row__container brz-css-phdhxd\" data-brz-custom-id=\"vmMyAVG51MX4\">\n<div class=\"brz-bg\"><\/div>\n<div class=\"brz-row brz-css-ievbz4 brz-css-1v4fla8\">\n<div class=\"brz-columns brz-css-1d4g8e7 brz-css-1r8kjfc\" data-brz-custom-id=\"sHqrPH3M2WCO\">\n<div class=\"brz-bg\"><\/div>\n<div class=\"brz-column__items brz-css-1hyj2a9\">\n<div id=\"\" class=\"brz-css-13k1wv1 brz-wrapper\">\n<div class=\"brz-rich-text brz-rich-text__custom brz-css-1c48d6w\" data-brz-custom-id=\"tGPdq6KHYGJo\">\n<div data-brz-translate-text=\"1\">\n<h4 class=\"brz-text-lg-center brz-tp-lg-heading4 brz-css-yCu0M\" data-generated-css=\"brz-css-cSqxB\" data-uniq-id=\"zgIk5\"><span class=\"brz-capitalize-on brz-cp-color3\">VIABILITY STUDY<\/span><\/h4>\n<\/div>\n<\/div>\n<\/div>\n<\/div>\n<\/div>\n<\/div>\n<\/div>\n<div class=\"brz-row__container brz-css-phdhxd\" data-brz-custom-id=\"f6Yj9Ogvxoya\">\n<div class=\"brz-bg\"><\/div>\n<div class=\"brz-row brz-css-ievbz4 brz-css-1v4fla8\">\n<div class=\"brz-columns brz-css-1d4g8e7 brz-css-1t3271r\" data-brz-custom-id=\"iY2jgcf2vz9X\">\n<div class=\"brz-bg\"><\/div>\n<div class=\"brz-column__items brz-css-1hyj2a9\">\n<div id=\"\" class=\"brz-css-13k1wv1 brz-wrapper\">\n<div class=\"brz-rich-text brz-rich-text__custom brz-css-1c48d6w\" data-brz-custom-id=\"aIvBd4RSZIlt\">\n<div data-brz-translate-text=\"1\">\n<h4 class=\"brz-tp-lg-heading4 brz-text-lg-center brz-css-bXmj1\" data-uniq-id=\"pClj7\" data-generated-css=\"brz-css-u36r4\"><span class=\"brz-cp-color3 brz-capitalize-on\">MARKET RESEARCH<\/span><\/h4>\n<\/div>\n<\/div>\n<\/div>\n<\/div>\n<\/div>\n<\/div>\n<\/div>\n<div class=\"brz-row__container brz-css-phdhxd\" data-brz-custom-id=\"fuwB1BO1Ikpl\">\n<div class=\"brz-bg\"><\/div>\n<div class=\"brz-row brz-css-ievbz4 brz-css-1v4fla8\">\n<div class=\"brz-columns brz-css-1d4g8e7 brz-css-r9tdng\" data-brz-custom-id=\"p9JyeeNhyDZY\">\n<div class=\"brz-bg\"><\/div>\n<div class=\"brz-column__items brz-css-1hyj2a9\">\n<div id=\"\" class=\"brz-css-13k1wv1 brz-wrapper\">\n<div class=\"brz-rich-text brz-rich-text__custom brz-css-1c48d6w\" data-brz-custom-id=\"dkjGVkhfpd7T\">\n<div data-brz-translate-text=\"1\">\n<h4 class=\"brz-text-lg-center brz-tp-lg-heading4 brz-css-lHYfX\" data-generated-css=\"brz-css-fd3EZ\" data-uniq-id=\"lYQUv\"><span class=\"brz-capitalize-on brz-cp-color3\">Quality control<\/span><\/h4>\n<\/div>\n<\/div>\n<\/div>\n<\/div>\n<\/div>\n<\/div>\n<\/div>\n<div class=\"brz-row__container brz-css-phdhxd\" data-brz-custom-id=\"cZ2uXt69oOEP\">\n<div class=\"brz-bg\"><\/div>\n<div class=\"brz-row brz-css-ievbz4 brz-css-1v4fla8\">\n<div class=\"brz-columns brz-css-1d4g8e7 brz-css-1dppkyv\" data-brz-custom-id=\"iVNCtzJquTAE\">\n<div class=\"brz-bg\"><\/div>\n<div class=\"brz-column__items brz-css-1hyj2a9\">\n<div id=\"\" class=\"brz-css-13k1wv1 brz-wrapper\">\n<div class=\"brz-rich-text brz-rich-text__custom brz-css-1c48d6w\" data-brz-custom-id=\"sjerrBEkraZz\">\n<div data-brz-translate-text=\"1\">\n<h4 class=\"brz-tp-lg-heading4 brz-text-lg-center brz-css-d2Kqh\" data-uniq-id=\"r1Ljb\" data-generated-css=\"brz-css-jqYPS\"><span class=\"brz-cp-color3 brz-capitalize-on\">STRATEGIC PARTNERSHIPS<\/span><\/h4>\n<\/div>\n<\/div>\n<\/div>\n<\/div>\n<\/div>\n<\/div>\n<\/div>\n<div class=\"brz-row__container brz-css-phdhxd\" data-brz-custom-id=\"gRaIh0hNoyoc\">\n<div class=\"brz-bg\"><\/div>\n<div class=\"brz-row brz-css-ievbz4 brz-css-1v4fla8\">\n<div class=\"brz-columns brz-css-1d4g8e7 brz-css-1enu66e\" data-brz-custom-id=\"tF66NJrUy4oT\">\n<div class=\"brz-bg\"><\/div>\n<div class=\"brz-column__items brz-css-1hyj2a9\">\n<div id=\"\" class=\"brz-css-13k1wv1 brz-wrapper\">\n<div class=\"brz-rich-text brz-rich-text__custom brz-css-1c48d6w\" data-brz-custom-id=\"s83QQ3nuxwiY\">\n<div data-brz-translate-text=\"1\">\n<h4 class=\"brz-text-lg-center brz-tp-lg-heading4 brz-css-yPvcI\" data-generated-css=\"brz-css-ghdQS\" data-uniq-id=\"eGVN9\"><span class=\"brz-capitalize-on brz-cp-color3\">communication<\/span><\/h4>\n<\/div>\n<\/div>\n<\/div>\n<\/div>\n<\/div>\n<\/div>\n<\/div>\n<div class=\"brz-row__container brz-css-phdhxd\" data-brz-custom-id=\"sU3WHRcy6rz8\">\n<div class=\"brz-bg\"><\/div>\n<div class=\"brz-row brz-css-ievbz4 brz-css-1v4fla8\">\n<div class=\"brz-columns brz-css-1d4g8e7 brz-css-1nhgx9c\" data-brz-custom-id=\"aTEeTvA783qK\">\n<div class=\"brz-bg\"><\/div>\n<div class=\"brz-column__items brz-css-1hyj2a9\">\n<div id=\"\" class=\"brz-css-13k1wv1 brz-wrapper\">\n<div class=\"brz-rich-text brz-rich-text__custom brz-css-1c48d6w\" data-brz-custom-id=\"lTH59KkNUait\">\n<div data-brz-translate-text=\"1\">\n<h4 class=\"brz-text-lg-center brz-tp-lg-heading4 brz-css-x7ZZq\" data-generated-css=\"brz-css-tvWRk\" data-uniq-id=\"bMjvc\"><span class=\"brz-capitalize-on brz-cp-color3\">social media<\/span><\/h4>\n<\/div>\n<\/div>\n<\/div>\n<\/div>\n<\/div>\n<\/div>\n<\/div>\n<div class=\"brz-row__container brz-css-phdhxd\" data-brz-custom-id=\"guqJ6IloNUKt\">\n<div class=\"brz-bg\"><\/div>\n<div class=\"brz-row brz-css-ievbz4 brz-css-1v4fla8\">\n<div class=\"brz-columns brz-css-1d4g8e7 brz-css-t6sbr0\" data-brz-custom-id=\"xSStN5YeFC2D\">\n<div class=\"brz-bg\"><\/div>\n<div class=\"brz-column__items brz-css-1hyj2a9\">\n<div id=\"\" class=\"brz-css-13k1wv1 brz-wrapper\">\n<div class=\"brz-rich-text brz-rich-text__custom brz-css-1c48d6w\" data-brz-custom-id=\"x9y2VHLFegKO\">\n<div data-brz-translate-text=\"1\">\n<h4 class=\"brz-text-lg-center brz-tp-lg-heading4 brz-css-v0mYe\" data-generated-css=\"brz-css-yVtB9\" data-uniq-id=\"qSQv4\"><span class=\"brz-capitalize-on brz-cp-color3\">EVENTS CREATION AND ADVISORY<\/span><\/h4>\n<\/div>\n<\/div>\n<\/div>\n<\/div>\n<\/div>\n<\/div>\n<\/div>\n<div class=\"brz-row__container brz-css-phdhxd\" data-brz-custom-id=\"ms6D3ld3Uv_S\">\n<div class=\"brz-bg\"><\/div>\n<div class=\"brz-row brz-css-ievbz4 brz-css-1v4fla8\">\n<div class=\"brz-columns brz-css-1d4g8e7 brz-css-vwtzo3\" data-brz-custom-id=\"lvPgxQAAWMIo\">\n<div class=\"brz-bg\"><\/div>\n<div class=\"brz-column__items brz-css-1hyj2a9\">\n<div id=\"\" class=\"brz-css-13k1wv1 brz-wrapper\">\n<div class=\"brz-rich-text brz-rich-text__custom brz-css-1c48d6w\" data-brz-custom-id=\"i0fTKKtu61lz\">\n<div data-brz-translate-text=\"1\">\n<h4 class=\"brz-tp-lg-heading4 brz-text-lg-center brz-css-f8PzA\" data-uniq-id=\"bSxLQ\" data-generated-css=\"brz-css-k02dL\"><span class=\"brz-cp-color3 brz-capitalize-on\">BRAND ACTIVATION<\/span><\/h4>\n<\/div>\n<\/div>\n<\/div>\n<\/div>\n<\/div>\n<\/div>\n<\/div>\n<div class=\"brz-row__container brz-css-phdhxd\" data-brz-custom-id=\"bx98anCEm2qO\">\n<div class=\"brz-bg\"><\/div>\n<div class=\"brz-row brz-css-ievbz4 brz-css-1v4fla8\">\n<div class=\"brz-columns brz-css-1d4g8e7 brz-css-mv1ys9\" data-brz-custom-id=\"q4bndYwoDAUY\">\n<div class=\"brz-bg\"><\/div>\n<div class=\"brz-column__items brz-css-1hyj2a9\">\n<div id=\"\" class=\"brz-css-13k1wv1 brz-wrapper\">\n<div class=\"brz-rich-text brz-rich-text__custom brz-css-1c48d6w\" data-brz-custom-id=\"czzRE2XI4Tkm\">\n<div data-brz-translate-text=\"1\">\n<h4 class=\"brz-text-lg-center brz-tp-lg-heading4 brz-css-easrp\" data-generated-css=\"brz-css-gZCzb\" data-uniq-id=\"kmtd6\"><span class=\"brz-capitalize-on brz-cp-color3\">TAKE AWAY &amp; DELIVERY<\/span><\/h4>\n<\/div>\n<\/div>\n<\/div>\n<\/div>\n<\/div>\n<\/div>\n<\/div>\n<div id=\"\" class=\"brz-css-13k1wv1 brz-css-18cd9ai brz-wrapper\">\n<div class=\"brz-spacer brz-css-13hvsn\"><\/div>\n<\/div>\n<div class=\"brz-wrapper-clone brz-css-857bcm\">\n<div class=\"brz-d-xs-flex brz-flex-xs-wrap brz-css-1uj4rco\" data-brz-custom-id=\"\">\n<div class=\"brz-wrapper-clone__item\" id=\"znPM0SI_R9EB\"><a class=\"brz-a brz-btn brz-css-1l66br2 brz-css-ej00ps brz-css-q02fw2\" href=\"https:\/\/exclamacao.consulting\/en\/#contacto\" target=\"_self\" rel=\"noopener\" data-brz-link-type=\"external\" data-brz-custom-id=\"znPM0SI_R9EB\"><span data-brz-translate-text=\"1\" class=\"brz-span brz-text__editor\">CONTACT US<\/span><\/a><\/div>\n<\/div>\n<\/div>\n<\/div>\n<\/div>\n<\/section>\n<\/div>\n<p>    <!-- version:1738401578 --><\/p>","protected":false},"excerpt":{"rendered":"<p>quem somos as nossas especialidades eventos espa\u00e7os quero um espa\u00e7o tenho um espa\u00e7o dark kitchens contacte-nos quem somos as nossas especialidades eventos espa\u00e7os quero um espa\u00e7o tenho um espa\u00e7o dark kitchens contacte-nos quero ter um espa\u00e7o criamos espa\u00e7os chave na m\u00e3o Onde alguns v\u00eaem 4 paredes, n\u00f3s desenhamos um espa\u00e7o onde a hospitalidade \u00e9 a&hellip; <a class=\"more-link\" href=\"https:\/\/exclamacao.consulting\/en\/quero-um-espaco\/\">Continue reading <span class=\"screen-reader-text\">create a new place<\/span><\/a><\/p>","protected":false},"author":1,"featured_media":0,"parent":0,"menu_order":0,"comment_status":"closed","ping_status":"closed","template":"brizy-blank-template.php","meta":{"footnotes":""},"class_list":["post-174","page","type-page","status-publish","hentry","entry"],"_links":{"self":[{"href":"https:\/\/exclamacao.consulting\/en\/wp-json\/wp\/v2\/pages\/174","targetHints":{"allow":["GET"]}}],"collection":[{"href":"https:\/\/exclamacao.consulting\/en\/wp-json\/wp\/v2\/pages"}],"about":[{"href":"https:\/\/exclamacao.consulting\/en\/wp-json\/wp\/v2\/types\/page"}],"author":[{"embeddable":true,"href":"https:\/\/exclamacao.consulting\/en\/wp-json\/wp\/v2\/users\/1"}],"replies":[{"embeddable":true,"href":"https:\/\/exclamacao.consulting\/en\/wp-json\/wp\/v2\/comments?post=174"}],"version-history":[{"count":0,"href":"https:\/\/exclamacao.consulting\/en\/wp-json\/wp\/v2\/pages\/174\/revisions"}],"wp:attachment":[{"href":"https:\/\/exclamacao.consulting\/en\/wp-json\/wp\/v2\/media?parent=174"}],"curies":[{"name":"wp","href":"https:\/\/api.w.org\/{rel}","templated":true}]}}