{"id":168,"date":"2024-05-21T13:35:52","date_gmt":"2024-05-21T13:35:52","guid":{"rendered":"https:\/\/exclamacao.consulting\/?page_id=168"},"modified":"2025-07-18T18:39:26","modified_gmt":"2025-07-18T18:39:26","slug":"tenho-um-espaco","status":"publish","type":"page","link":"https:\/\/exclamacao.consulting\/en\/tenho-um-espaco\/","title":{"rendered":"I have a place"},"content":{"rendered":"<div class=\"brz-root__container brz-reset-all brz brz-root__container-page\">\n<section id=\"entrada\" class=\"brz-section brz-css-19tec03\">\n<div class=\"brz-section__content brz-section--fullWidth brz-css-mox4wq brz-css-onfdzj\" data-brz-custom-id=\"w3v8vjD0vyNt\">\n<div class=\"brz-bg\">\n<div class=\"brz-bg-image\"><\/div>\n<div class=\"brz-bg-color\"><\/div>\n<\/div>\n<div class=\"brz-container brz-css-160lqoq brz-css-1juouyz\">\n<div class=\"brz-row__container brz-css-phdhxd\" data-brz-custom-id=\"hgKiaX3kWYWi\">\n<div class=\"brz-bg\"><\/div>\n<div class=\"brz-row brz-css-ievbz4 brz-css-1v4fla8\">\n<div class=\"brz-columns brz-css-1d4g8e7 brz-css-1aomqen\" data-brz-custom-id=\"p8jvrBSSlmlq\">\n<div class=\"brz-bg\"><\/div>\n<div class=\"brz-column__items brz-css-1hyj2a9\">\n<div id=\"\" class=\"brz-css-13k1wv1 brz-css-gkrh83 brz-wrapper\">\n<div class=\"brz-image brz-css-1faujxj\" data-brz-custom-id=\"kNEl5VFyTXKO\"><img decoding=\"async\" class=\"brz-img\" src=\"https:\/\/exclamacao.consulting\/wp-content\/uploads\/brizy\/imgs\/logo-81x30x0x0x81x30x1716296655.png\" alt=\"exclama\u00e7\u00e3o! f&amp;b consulting\" loading=\"lazy\"><\/div>\n<\/div>\n<\/div>\n<\/div>\n<div class=\"brz-columns brz-css-1d4g8e7 brz-css-1cxxcwm\" data-brz-custom-id=\"bUrcWfyJ1NCS\">\n<div class=\"brz-bg\"><\/div>\n<div class=\"brz-column__items brz-css-1hyj2a9\">\n<div id=\"\" class=\"brz-css-13k1wv1 brz-css-vf7vyk brz-wrapper\">\n<div class=\"brz-menu__container brz-css-1n5ggud brz-css-7kn04c\" data-mmenu-id=\"#tqYi2hxhroq1_db1ffb2e99ae89a747c3\" data-mmenu-position=\"position-right\" data-mmenu-title=\"\" data-mmenu-stickytitle=\"on\" data-mmenu-isslider=\"false\" data-mmenu-closingicon=\"%7B%22desktop%22%3A%22off%22%2C%22tablet%22%3A%22off%22%2C%22mobile%22%3A%22off%22%7D\" data-brz-custom-id=\"tqYi2hxhroq1\">\n<nav data-mods=\"%7B%22desktop%22%3A%22horizontal%22%2C%22tablet%22%3A%22horizontal%22%2C%22mobile%22%3A%22horizontal%22%7D\" class=\"brz-menu brz-menu__preview brz-css-14gyzd8\">\n<ul class=\"brz-menu__ul\" data-menu-items-active=\"41631005b398e5399142e747ca529f58,c5741363d4f80f9c3f477bf8a2b8ee59\">\n<li data-menu-item-id=\"6e233faeae912fd0b96dd3b1dfaf843c\" class=\"brz-menu__item menu-item menu-item-type-custom menu-item-object-custom\"><a class=\"brz-a\" target=\"\" href=\"https:\/\/exclamacao.consulting\/en\/#quemsomos\" title=\"\"><span class=\"brz-span\">about us<\/span><\/a><\/li>\n<li data-menu-item-id=\"5993e4df10a76382fa9ff2e96d5c4757\" class=\"brz-menu__item menu-item menu-item-type-custom menu-item-object-custom\"><a class=\"brz-a\" target=\"\" href=\"https:\/\/exclamacao.consulting\/en\/#especialidades\" title=\"\"><span class=\"brz-span\">our specialties<\/span><\/a><\/li>\n<li data-menu-item-id=\"ffe3a675d46b990575791781831d8ddf\" class=\"brz-menu__item menu-item menu-item-type-post_type menu-item-object-page\"><a class=\"brz-a\" target=\"\" href=\"https:\/\/exclamacao.consulting\/en\/eventos\/\" title=\"\"><span class=\"brz-span\">events<\/span><\/a><\/li>\n<li data-menu-item-id=\"c5741363d4f80f9c3f477bf8a2b8ee59\" class=\"brz-menu__item menu-item menu-item-type-post_type menu-item-object-page current-menu-ancestor current-menu-parent current_page_parent current_page_ancestor\"><a class=\"brz-a\" target=\"\" href=\"https:\/\/exclamacao.consulting\/en\/espacos\/\" title=\"\"><span class=\"brz-span\">places<\/span><\/a>\n<ul class=\"brz-menu__sub-menu\">\n<li data-menu-item-id=\"334f3ccd20744d89f952b7e52db087e4\" class=\"brz-menu__item menu-item menu-item-type-post_type menu-item-object-page\"><a class=\"brz-a\" target=\"\" href=\"https:\/\/exclamacao.consulting\/en\/quero-um-espaco\/\" title=\"\"><span class=\"brz-span\">create a new place<\/span><\/a><\/li>\n<li data-menu-item-id=\"41631005b398e5399142e747ca529f58\" class=\"brz-menu__item menu-item menu-item-type-post_type menu-item-object-page current-menu-item page_item page-item-168 current_page_item\"><a class=\"brz-a\" target=\"\" href=\"https:\/\/exclamacao.consulting\/en\/tenho-um-espaco\/\" title=\"\"><span class=\"brz-span\">I have a place<\/span><\/a><\/li>\n<li data-menu-item-id=\"ebd75950f3a95f9b45a762dcdccb3e2c\" class=\"brz-menu__item menu-item menu-item-type-post_type menu-item-object-page\"><a class=\"brz-a\" target=\"\" href=\"https:\/\/exclamacao.consulting\/en\/darkkitchen\/\" title=\"\"><span class=\"brz-span\">dark kitchens<\/span><\/a><\/li>\n<\/ul>\n<\/li>\n<li data-menu-item-id=\"b3102419ff2a600d29e539ee1c4eca14\" class=\"brz-menu__item menu-item menu-item-type-custom menu-item-object-custom\"><a class=\"brz-a\" target=\"\" href=\"https:\/\/exclamacao.consulting\/en\/#contacto\" title=\"\"><span class=\"brz-span\">contact us<\/span><\/a><\/li>\n<\/ul>\n<\/nav>\n<div class=\"brz-mm-menu__icon\"><\/div>\n<nav data-mods=\"%7B%22desktop%22%3A%22horizontal%22%2C%22tablet%22%3A%22horizontal%22%2C%22mobile%22%3A%22horizontal%22%7D\" id=\"tqYi2hxhroq1_db1ffb2e99ae89a747c3\" class=\"brz-menu brz-menu__preview brz-menu__mmenu brz-menu--has-dropdown brz-css-1vruuha brz-css-lbzft\">\n<ul class=\"brz-menu__ul\" data-menu-items-active=\"41631005b398e5399142e747ca529f58,c5741363d4f80f9c3f477bf8a2b8ee59\">\n<li data-menu-item-id=\"6e233faeae912fd0b96dd3b1dfaf843c\" class=\"brz-menu__item menu-item menu-item-type-custom menu-item-object-custom\"><a class=\"brz-a\" target=\"\" href=\"https:\/\/exclamacao.consulting\/en\/#quemsomos\" title=\"\"><span class=\"brz-span\">about us<\/span><\/a><\/li>\n<li data-menu-item-id=\"5993e4df10a76382fa9ff2e96d5c4757\" class=\"brz-menu__item menu-item menu-item-type-custom menu-item-object-custom\"><a class=\"brz-a\" target=\"\" href=\"https:\/\/exclamacao.consulting\/en\/#especialidades\" title=\"\"><span class=\"brz-span\">our specialties<\/span><\/a><\/li>\n<li data-menu-item-id=\"ffe3a675d46b990575791781831d8ddf\" class=\"brz-menu__item menu-item menu-item-type-post_type menu-item-object-page\"><a class=\"brz-a\" target=\"\" href=\"https:\/\/exclamacao.consulting\/en\/eventos\/\" title=\"\"><span class=\"brz-span\">events<\/span><\/a><\/li>\n<li data-menu-item-id=\"c5741363d4f80f9c3f477bf8a2b8ee59\" class=\"brz-menu__item menu-item menu-item-type-post_type menu-item-object-page current-menu-ancestor current-menu-parent current_page_parent current_page_ancestor\"><a class=\"brz-a\" target=\"\" href=\"https:\/\/exclamacao.consulting\/en\/espacos\/\" title=\"\"><span class=\"brz-span\">places<\/span><\/a>\n<ul class=\"brz-menu__sub-menu\">\n<li data-menu-item-id=\"334f3ccd20744d89f952b7e52db087e4\" class=\"brz-menu__item menu-item menu-item-type-post_type menu-item-object-page\"><a class=\"brz-a\" target=\"\" href=\"https:\/\/exclamacao.consulting\/en\/quero-um-espaco\/\" title=\"\"><span class=\"brz-span\">create a new place<\/span><\/a><\/li>\n<li data-menu-item-id=\"41631005b398e5399142e747ca529f58\" class=\"brz-menu__item menu-item menu-item-type-post_type menu-item-object-page current-menu-item page_item page-item-168 current_page_item\"><a class=\"brz-a\" target=\"\" href=\"https:\/\/exclamacao.consulting\/en\/tenho-um-espaco\/\" title=\"\"><span class=\"brz-span\">I have a place<\/span><\/a><\/li>\n<li data-menu-item-id=\"ebd75950f3a95f9b45a762dcdccb3e2c\" class=\"brz-menu__item menu-item menu-item-type-post_type menu-item-object-page\"><a class=\"brz-a\" target=\"\" href=\"https:\/\/exclamacao.consulting\/en\/darkkitchen\/\" title=\"\"><span class=\"brz-span\">dark kitchens<\/span><\/a><\/li>\n<\/ul>\n<\/li>\n<li data-menu-item-id=\"b3102419ff2a600d29e539ee1c4eca14\" class=\"brz-menu__item menu-item menu-item-type-custom menu-item-object-custom\"><a class=\"brz-a\" target=\"\" href=\"https:\/\/exclamacao.consulting\/en\/#contacto\" title=\"\"><span class=\"brz-span\">contact us<\/span><\/a><\/li>\n<\/ul>\n<\/nav>\n<\/div>\n<\/div>\n<\/div>\n<\/div>\n<\/div>\n<\/div>\n<div id=\"\" class=\"brz-css-13k1wv1 brz-css-18cd9ai brz-css-1uks24g brz-wrapper\">\n<div class=\"brz-spacer brz-css-13hvsn brz-css-2e5zrn\"><\/div>\n<\/div>\n<div id=\"\" class=\"brz-css-13k1wv1 brz-wrapper\">\n<div class=\"brz-rich-text brz-rich-text__custom brz-css-1c48d6w\" data-brz-custom-id=\"pyDR0TF11urX\">\n<div data-brz-translate-text=\"1\">\n<h1 class=\"brz-text-lg-center brz-fsft-lg-0 brz-fwdth-lg-100 brz-vfw-lg-400 brz-lh-lg-1_4 brz-ls-lg-m_1_5 brz-fw-lg-400 brz-fss-lg-px brz-fs-lg-28 brz-ft-upload brz-ff-t_d7iEDFZDtq brz-tp-lg-heading1 brz-css-uB_TW\" data-generated-css=\"brz-css-zTSRj\" data-uniq-id=\"vyP2Z\"><span class=\"brz-capitalize-on brz-cp-color8\">I need help<\/span><\/h1>\n<\/div>\n<\/div>\n<\/div>\n<div id=\"\" class=\"brz-css-13k1wv1 brz-css-18cd9ai brz-css-xs2iiq brz-wrapper\">\n<div class=\"brz-spacer brz-css-13hvsn brz-css-1yhu5cd\"><\/div>\n<\/div>\n<div id=\"\" class=\"brz-css-13k1wv1 brz-css-18cd9ai brz-wrapper\">\n<div class=\"brz-spacer brz-css-13hvsn brz-css-azqsu9\"><\/div>\n<\/div>\n<div id=\"\" class=\"brz-css-13k1wv1 brz-css-18cd9ai brz-css-qi958m brz-wrapper\">\n<div class=\"brz-spacer brz-css-13hvsn brz-css-1u7tq5j\"><\/div>\n<\/div>\n<div class=\"brz-wrapper-clone brz-css-857bcm brz-css-1att6j9\">\n<div class=\"brz-d-xs-flex brz-flex-xs-wrap brz-css-1uj4rco\" data-brz-custom-id=\"\">\n<div class=\"brz-wrapper-clone__item\" id=\"udnjqlaPQTOa\">\n<div class=\"brz-icon__container\" data-brz-custom-id=\"udnjqlaPQTOa\"><span class=\"brz-icon brz-span brz-css-15vjrji brz-css-swh6dw\"><\/span><\/div>\n<\/div>\n<\/div>\n<\/div>\n<\/div>\n<\/div>\n<\/section>\n<section id=\"fd5c4fbb95417bbb3b20_zMW9IV9nvaVq\" class=\"brz-section brz-css-19tec03\">\n<div class=\"brz-section__content brz-section--boxed brz-css-mox4wq brz-css-1w5yijk\" data-brz-custom-id=\"waOOXt0YP2dS\">\n<div class=\"brz-bg\">\n<div class=\"brz-bg-color\"><\/div>\n<\/div>\n<div class=\"brz-container brz-css-160lqoq\">\n<div id=\"\" class=\"brz-css-13k1wv1 brz-wrapper\">\n<div class=\"brz-rich-text brz-rich-text__custom brz-css-1c48d6w\" data-brz-custom-id=\"qkgE79ZMQg6O\">\n<div data-brz-translate-text=\"1\">\n<h3 class=\"brz-text-lg-center brz-tp-lg-heading3 brz-fsft-lg-0 brz-fwdth-lg-100 brz-vfw-lg-400 brz-lh-lg-1_4 brz-ls-lg-m_1_5 brz-fw-lg-400 brz-fss-lg-px brz-fs-lg-28 brz-ft-upload brz-ff-t_d7iEDFZDtq brz-css-uwEdP\" data-generated-css=\"brz-css-u5Kp6\" data-uniq-id=\"urFuL\"><span class=\"brz-capitalize-on brz-cp-color8\">we help you with your place<\/span><\/h3>\n<\/div>\n<\/div>\n<\/div>\n<div id=\"\" class=\"brz-css-13k1wv1 brz-wrapper\">\n<div class=\"brz-line brz-line-default brz-css-ojlfu6 brz-css-o0l0we\" data-brz-custom-id=\"t_fLMsynX8nn\">\n<hr class=\"brz-hr\"><\/div>\n<\/div>\n<div id=\"\" class=\"brz-css-13k1wv1 brz-css-ym72hg brz-wrapper\">\n<div class=\"brz-rich-text brz-rich-text__custom brz-css-1c48d6w\" data-brz-custom-id=\"oCpOII84iAGF\">\n<div data-brz-translate-text=\"1\">\n<h2 class=\"brz-tp-lg-paragraph brz-css-izlJq\" data-uniq-id=\"raPed\" data-generated-css=\"brz-css-qVl6s\"><span class=\"brz-cp-color8\">Does your place need a deep transformation? Is the menu in dire need of a change? Does the wine list need to be reformulated? Does your team need training? You're in the right place!<\/span><\/h2>\n<\/div>\n<\/div>\n<\/div>\n<\/div>\n<\/div>\n<\/section>\n<section id=\"e7f2763173835522897a_aopQR7jaQgfw\" class=\"brz-section brz-css-19tec03\">\n<div class=\"brz-section__content brz-section--boxed brz-css-mox4wq\" data-brz-custom-id=\"mvJpYD2NkyUF\">\n<div class=\"brz-container brz-css-160lqoq\">\n<div id=\"\" class=\"brz-css-13k1wv1 brz-wrapper\">\n<div class=\"brz-rich-text brz-rich-text__custom brz-css-1c48d6w\" data-brz-custom-id=\"iZyHLCS_VzFb\">\n<div data-brz-translate-text=\"1\">\n<h3 data-uniq-id=\"qnkWz\" data-generated-css=\"brz-css-l8gBw\" class=\"brz-ff-t_d7iEDFZDtq brz-ft-upload brz-fs-lg-28 brz-fss-lg-px brz-fw-lg-400 brz-ls-lg-m_1_5 brz-lh-lg-1_4 brz-vfw-lg-400 brz-fwdth-lg-100 brz-fsft-lg-0 brz-tp-lg-heading3 brz-text-lg-center brz-css-a6lmQ\"><span class=\"brz-cp-color3 brz-capitalize-on\">What we do<\/span><\/h3>\n<\/div>\n<\/div>\n<\/div>\n<div id=\"\" class=\"brz-css-13k1wv1 brz-wrapper\">\n<div class=\"brz-line brz-line-default brz-css-ojlfu6 brz-css-z9idfl\" data-brz-custom-id=\"hdlqCBUNz0eU\">\n<hr class=\"brz-hr\"><\/div>\n<\/div>\n<div class=\"brz-row__container brz-css-phdhxd\" data-brz-custom-id=\"riMb3KZ2u0ky\">\n<div class=\"brz-bg\"><\/div>\n<div class=\"brz-row brz-css-ievbz4 brz-css-1v4fla8\">\n<div class=\"brz-columns brz-css-1d4g8e7 brz-css-17h1lsv\" data-brz-custom-id=\"pLinfXBrkcD5\">\n<div class=\"brz-bg\"><\/div>\n<div class=\"brz-column__items brz-css-1hyj2a9\">\n<div id=\"\" class=\"brz-css-13k1wv1 brz-wrapper\">\n<div class=\"brz-rich-text brz-rich-text__custom brz-css-1c48d6w\" data-brz-custom-id=\"lOzT4EU7UbI0\">\n<div data-brz-translate-text=\"1\">\n<h4 class=\"brz-tp-lg-heading4 brz-text-lg-center brz-css-uuORZ\" data-uniq-id=\"rMCxF\" data-generated-css=\"brz-css-qgbb0\"><span class=\"brz-cp-color3 brz-capitalize-on\">DUE DILIGENCE<\/span><\/h4>\n<\/div>\n<\/div>\n<\/div>\n<\/div>\n<\/div>\n<\/div>\n<\/div>\n<div class=\"brz-row__container brz-css-phdhxd\" data-brz-custom-id=\"pzliLh210JGZ\">\n<div class=\"brz-bg\"><\/div>\n<div class=\"brz-row brz-css-ievbz4 brz-css-1v4fla8\">\n<div class=\"brz-columns brz-css-1d4g8e7 brz-css-16c5eo\" data-brz-custom-id=\"i8aegxI9ZrtU\">\n<div class=\"brz-bg\"><\/div>\n<div class=\"brz-column__items brz-css-1hyj2a9\">\n<div id=\"\" class=\"brz-css-13k1wv1 brz-wrapper\">\n<div class=\"brz-rich-text brz-rich-text__custom brz-css-1c48d6w\" data-brz-custom-id=\"x88nSRzutG6X\">\n<div data-brz-translate-text=\"1\">\n<h4 data-uniq-id=\"xC9kk\" data-generated-css=\"brz-css-b6hMR\" class=\"brz-tp-lg-heading4 brz-text-lg-center brz-css-tJsjJ\"><span class=\"brz-cp-color3 brz-capitalize-on\">CONCEPTUALIZATION<\/span><\/h4>\n<\/div>\n<\/div>\n<\/div>\n<div id=\"\" class=\"brz-css-13k1wv1 brz-wrapper\">\n<div class=\"brz-rich-text brz-rich-text__custom brz-css-1c48d6w\" data-brz-custom-id=\"g0QEMykkvXZu\">\n<div data-brz-translate-text=\"1\">\n<h5 data-uniq-id=\"d_YHp\" data-generated-css=\"brz-css-he_wR\" class=\"brz-text-lg-center brz-tp-lg-heading5 brz-css-thI1Q\"><span class=\"brz-cp-color3\">Strategy<\/span><\/h5>\n<h5 data-uniq-id=\"zatwn\" data-generated-css=\"brz-css-jgRQ1\" class=\"brz-text-lg-center brz-tp-lg-heading5 brz-css-jSYNJ\"><span class=\"brz-cp-color3\">Architecture<\/span><\/h5>\n<h5 data-uniq-id=\"pweJ1\" data-generated-css=\"brz-css-h0MIs\" class=\"brz-text-lg-center brz-tp-lg-heading5 brz-css-bPFLh\"><span class=\"brz-cp-color3\">Interior Design<\/span><\/h5>\n<h5 data-uniq-id=\"zTfm6\" data-generated-css=\"brz-css-ervtc\" class=\"brz-text-lg-center brz-tp-lg-heading5 brz-css-eLsvw\"><span class=\"brz-cp-color3\"> Conceptualization and development of the menu<\/span><\/h5>\n<h5 data-uniq-id=\"wx_k4\" data-generated-css=\"brz-css-iRDYp\" class=\"brz-text-lg-center brz-tp-lg-heading5 brz-css-kNElh\"><span class=\"brz-cp-color3\">Build up of the cocktails and wine menu<\/span><\/h5>\n<h5 data-uniq-id=\"p81hC\" data-generated-css=\"brz-css-lHvjW\" class=\"brz-text-lg-center brz-tp-lg-heading5 brz-css-cGvKj\"><span class=\"brz-cp-color3\">SOP\u00b4s (standard operation procedures)<\/span><\/h5>\n<h5 data-uniq-id=\"qeMsa\" data-generated-css=\"brz-css-sVfQM\" class=\"brz-text-lg-center brz-tp-lg-heading5 brz-css-jWKJw\"><span class=\"brz-cp-color3\">HR<\/span><\/h5>\n<h5 data-uniq-id=\"kZdsf\" data-generated-css=\"brz-css-spgzS\" class=\"brz-text-lg-center brz-tp-lg-heading5 brz-css-vF_Nn\"><span class=\"brz-cp-color3\">Creation of food bible and floor bible<\/span><\/h5>\n<h5 data-uniq-id=\"vvn0e\" data-generated-css=\"brz-css-vgzEL\" class=\"brz-text-lg-center brz-tp-lg-heading5 brz-css-oDrx7\"><span class=\"brz-cp-color3\">Creating kitchen procedures<\/span><\/h5>\n<\/div>\n<\/div>\n<\/div>\n<\/div>\n<\/div>\n<\/div>\n<\/div>\n<div class=\"brz-row__container brz-css-phdhxd\" data-brz-custom-id=\"qlVa45VJtenx\">\n<div class=\"brz-bg\"><\/div>\n<div class=\"brz-row brz-css-ievbz4 brz-css-1v4fla8\">\n<div class=\"brz-columns brz-css-1d4g8e7 brz-css-5eb6t6\" data-brz-custom-id=\"rMKw10iEsWZ8\">\n<div class=\"brz-bg\"><\/div>\n<div class=\"brz-column__items brz-css-1hyj2a9\">\n<div id=\"\" class=\"brz-css-13k1wv1 brz-wrapper\">\n<div class=\"brz-rich-text brz-rich-text__custom brz-css-1c48d6w\" data-brz-custom-id=\"unpFwRgDxCk7\">\n<div data-brz-translate-text=\"1\">\n<h4 class=\"brz-text-lg-center brz-tp-lg-heading4 brz-css-nrlzM\" data-generated-css=\"brz-css-vChOn\" data-uniq-id=\"yjNWD\"><span class=\"brz-capitalize-on brz-cp-color3\">CONSULTING<\/span><\/h4>\n<\/div>\n<\/div>\n<\/div>\n<\/div>\n<\/div>\n<\/div>\n<\/div>\n<div class=\"brz-row__container brz-css-phdhxd\" data-brz-custom-id=\"uJKL3zPjzVyI\">\n<div class=\"brz-bg\"><\/div>\n<div class=\"brz-row brz-css-ievbz4 brz-css-1v4fla8\">\n<div class=\"brz-columns brz-css-1d4g8e7 brz-css-t8loxz\" data-brz-custom-id=\"osxq8bEfVsRu\">\n<div class=\"brz-bg\"><\/div>\n<div class=\"brz-column__items brz-css-1hyj2a9\">\n<div id=\"\" class=\"brz-css-13k1wv1 brz-wrapper\">\n<div class=\"brz-rich-text brz-rich-text__custom brz-css-1c48d6w\" data-brz-custom-id=\"qye7HXth54s_\">\n<div data-brz-translate-text=\"1\">\n<h4 class=\"brz-text-lg-center brz-tp-lg-heading4 brz-css-z2i42\" data-generated-css=\"brz-css-cSqxB\" data-uniq-id=\"zgIk5\"><span class=\"brz-capitalize-on brz-cp-color3\">VIABILITY STUDY<\/span><\/h4>\n<\/div>\n<\/div>\n<\/div>\n<\/div>\n<\/div>\n<\/div>\n<\/div>\n<div class=\"brz-row__container brz-css-phdhxd\" data-brz-custom-id=\"wmggtqoGGfYt\">\n<div class=\"brz-bg\"><\/div>\n<div class=\"brz-row brz-css-ievbz4 brz-css-1v4fla8\">\n<div class=\"brz-columns brz-css-1d4g8e7 brz-css-vnfsid\" data-brz-custom-id=\"q_omWrsNaPAU\">\n<div class=\"brz-bg\"><\/div>\n<div class=\"brz-column__items brz-css-1hyj2a9\">\n<div id=\"\" class=\"brz-css-13k1wv1 brz-wrapper\">\n<div class=\"brz-rich-text brz-rich-text__custom brz-css-1c48d6w\" data-brz-custom-id=\"v0HiyxQAgjb6\">\n<div data-brz-translate-text=\"1\">\n<h4 class=\"brz-tp-lg-heading4 brz-text-lg-center brz-css-grnhb\" data-uniq-id=\"pClj7\" data-generated-css=\"brz-css-u36r4\"><span class=\"brz-cp-color3 brz-capitalize-on\">MARKET RESEARCH<\/span><\/h4>\n<\/div>\n<\/div>\n<\/div>\n<\/div>\n<\/div>\n<\/div>\n<\/div>\n<div class=\"brz-row__container brz-css-phdhxd\" data-brz-custom-id=\"knZAmY_pgxKO\">\n<div class=\"brz-bg\"><\/div>\n<div class=\"brz-row brz-css-ievbz4 brz-css-1v4fla8\">\n<div class=\"brz-columns brz-css-1d4g8e7 brz-css-1irrrtt\" data-brz-custom-id=\"gBopn_GVBVZn\">\n<div class=\"brz-bg\"><\/div>\n<div class=\"brz-column__items brz-css-1hyj2a9\">\n<div id=\"\" class=\"brz-css-13k1wv1 brz-wrapper\">\n<div class=\"brz-rich-text brz-rich-text__custom brz-css-1c48d6w\" data-brz-custom-id=\"aP_jqFyj0uUm\">\n<div data-brz-translate-text=\"1\">\n<h4 class=\"brz-text-lg-center brz-tp-lg-heading4 brz-css-qSGDU\" data-generated-css=\"brz-css-fd3EZ\" data-uniq-id=\"lYQUv\"><span class=\"brz-capitalize-on brz-cp-color3\">Quality control<\/span><\/h4>\n<\/div>\n<\/div>\n<\/div>\n<\/div>\n<\/div>\n<\/div>\n<\/div>\n<div class=\"brz-row__container brz-css-phdhxd\" data-brz-custom-id=\"uWgzw720tOwb\">\n<div class=\"brz-bg\"><\/div>\n<div class=\"brz-row brz-css-ievbz4 brz-css-1v4fla8\">\n<div class=\"brz-columns brz-css-1d4g8e7 brz-css-18aufqg\" data-brz-custom-id=\"jzuQ9tUkOX6m\">\n<div class=\"brz-bg\"><\/div>\n<div class=\"brz-column__items brz-css-1hyj2a9\">\n<div id=\"\" class=\"brz-css-13k1wv1 brz-wrapper\">\n<div class=\"brz-rich-text brz-rich-text__custom brz-css-1c48d6w\" data-brz-custom-id=\"mZl_c5U82der\">\n<div data-brz-translate-text=\"1\">\n<h4 class=\"brz-tp-lg-heading4 brz-text-lg-center brz-css-g2Abv\" data-uniq-id=\"r1Ljb\" data-generated-css=\"brz-css-jqYPS\"><span class=\"brz-cp-color3 brz-capitalize-on\">STRATEGIC PARTNERSHIPS<\/span><\/h4>\n<\/div>\n<\/div>\n<\/div>\n<\/div>\n<\/div>\n<\/div>\n<\/div>\n<div class=\"brz-row__container brz-css-phdhxd\" data-brz-custom-id=\"mMwXotZu3C7t\">\n<div class=\"brz-bg\"><\/div>\n<div class=\"brz-row brz-css-ievbz4 brz-css-1v4fla8\">\n<div class=\"brz-columns brz-css-1d4g8e7 brz-css-1d061i0\" data-brz-custom-id=\"u9Hr4QJy874f\">\n<div class=\"brz-bg\"><\/div>\n<div class=\"brz-column__items brz-css-1hyj2a9\">\n<div id=\"\" class=\"brz-css-13k1wv1 brz-wrapper\">\n<div class=\"brz-rich-text brz-rich-text__custom brz-css-1c48d6w\" data-brz-custom-id=\"bKvnXjlDSuKE\">\n<div data-brz-translate-text=\"1\">\n<h4 class=\"brz-text-lg-center brz-tp-lg-heading4 brz-css-iWnF2\" data-generated-css=\"brz-css-ghdQS\" data-uniq-id=\"eGVN9\"><span class=\"brz-capitalize-on brz-cp-color3\">communication<\/span><\/h4>\n<\/div>\n<\/div>\n<\/div>\n<\/div>\n<\/div>\n<\/div>\n<\/div>\n<div class=\"brz-row__container brz-css-phdhxd\" data-brz-custom-id=\"jHABNZOheubO\">\n<div class=\"brz-bg\"><\/div>\n<div class=\"brz-row brz-css-ievbz4 brz-css-1v4fla8\">\n<div class=\"brz-columns brz-css-1d4g8e7 brz-css-17mxlo8\" data-brz-custom-id=\"kq_btbonXN1Y\">\n<div class=\"brz-bg\"><\/div>\n<div class=\"brz-column__items brz-css-1hyj2a9\">\n<div id=\"\" class=\"brz-css-13k1wv1 brz-wrapper\">\n<div class=\"brz-rich-text brz-rich-text__custom brz-css-1c48d6w\" data-brz-custom-id=\"ef9GrdgE7gQY\">\n<div data-brz-translate-text=\"1\">\n<h4 class=\"brz-text-lg-center brz-tp-lg-heading4 brz-css-nkUxs\" data-generated-css=\"brz-css-tvWRk\" data-uniq-id=\"bMjvc\"><span class=\"brz-capitalize-on brz-cp-color3\">social media<\/span><\/h4>\n<\/div>\n<\/div>\n<\/div>\n<\/div>\n<\/div>\n<\/div>\n<\/div>\n<div class=\"brz-row__container brz-css-phdhxd\" data-brz-custom-id=\"rte6CF6LNWGB\">\n<div class=\"brz-bg\"><\/div>\n<div class=\"brz-row brz-css-ievbz4 brz-css-1v4fla8\">\n<div class=\"brz-columns brz-css-1d4g8e7 brz-css-1q6p0zb\" data-brz-custom-id=\"kEiXeuiZo4vM\">\n<div class=\"brz-bg\"><\/div>\n<div class=\"brz-column__items brz-css-1hyj2a9\">\n<div id=\"\" class=\"brz-css-13k1wv1 brz-wrapper\">\n<div class=\"brz-rich-text brz-rich-text__custom brz-css-1c48d6w\" data-brz-custom-id=\"w_N4eYXs3ERF\">\n<div data-brz-translate-text=\"1\">\n<h4 class=\"brz-text-lg-center brz-tp-lg-heading4 brz-css-dTCze\" data-generated-css=\"brz-css-yVtB9\" data-uniq-id=\"qSQv4\"><span class=\"brz-capitalize-on brz-cp-color3\">EVENTS CREATION AND ADVISORY<\/span><\/h4>\n<\/div>\n<\/div>\n<\/div>\n<\/div>\n<\/div>\n<\/div>\n<\/div>\n<div class=\"brz-row__container brz-css-phdhxd\" data-brz-custom-id=\"hyqTGkAf4g6k\">\n<div class=\"brz-bg\"><\/div>\n<div class=\"brz-row brz-css-ievbz4 brz-css-1v4fla8\">\n<div class=\"brz-columns brz-css-1d4g8e7 brz-css-llf6gf\" data-brz-custom-id=\"wAnFY7AQMWeZ\">\n<div class=\"brz-bg\"><\/div>\n<div class=\"brz-column__items brz-css-1hyj2a9\">\n<div id=\"\" class=\"brz-css-13k1wv1 brz-wrapper\">\n<div class=\"brz-rich-text brz-rich-text__custom brz-css-1c48d6w\" data-brz-custom-id=\"dvwFmlKKgMp8\">\n<div data-brz-translate-text=\"1\">\n<h4 class=\"brz-tp-lg-heading4 brz-text-lg-center brz-css-oqc2w\" data-uniq-id=\"bSxLQ\" data-generated-css=\"brz-css-k02dL\"><span class=\"brz-cp-color3 brz-capitalize-on\">BRAND ACTIVATION<\/span><\/h4>\n<\/div>\n<\/div>\n<\/div>\n<\/div>\n<\/div>\n<\/div>\n<\/div>\n<div class=\"brz-row__container brz-css-phdhxd\" data-brz-custom-id=\"zgwxjXbXDF5u\">\n<div class=\"brz-bg\"><\/div>\n<div class=\"brz-row brz-css-ievbz4 brz-css-1v4fla8\">\n<div class=\"brz-columns brz-css-1d4g8e7 brz-css-7ngejr\" data-brz-custom-id=\"w4L950fVMwJE\">\n<div class=\"brz-bg\"><\/div>\n<div class=\"brz-column__items brz-css-1hyj2a9\">\n<div id=\"\" class=\"brz-css-13k1wv1 brz-wrapper\">\n<div class=\"brz-rich-text brz-rich-text__custom brz-css-1c48d6w\" data-brz-custom-id=\"csW8VEZ5s8go\">\n<div data-brz-translate-text=\"1\">\n<h4 class=\"brz-text-lg-center brz-tp-lg-heading4 brz-css-xTpI8\" data-generated-css=\"brz-css-gZCzb\" data-uniq-id=\"kmtd6\"><span class=\"brz-capitalize-on brz-cp-color3\">TAKE AWAY &amp; DELIVERY<\/span><\/h4>\n<\/div>\n<\/div>\n<\/div>\n<\/div>\n<\/div>\n<\/div>\n<\/div>\n<div id=\"\" class=\"brz-css-13k1wv1 brz-css-18cd9ai brz-wrapper\">\n<div class=\"brz-spacer brz-css-13hvsn\"><\/div>\n<\/div>\n<div class=\"brz-wrapper-clone brz-css-857bcm\">\n<div class=\"brz-d-xs-flex brz-flex-xs-wrap brz-css-1uj4rco\" data-brz-custom-id=\"\">\n<div class=\"brz-wrapper-clone__item\" id=\"d5UtFvII_g1f\"><a class=\"brz-a brz-btn brz-css-1uvents brz-css-1g9vrne brz-css-ltbvx1\" href=\"https:\/\/exclamacao.consulting\/en\/#contacto\" target=\"_self\" rel=\"noopener\" data-brz-link-type=\"external\" data-brz-custom-id=\"d5UtFvII_g1f\"><span data-brz-translate-text=\"1\" class=\"brz-span brz-text__editor\">CONTACT US<\/span><\/a><\/div>\n<\/div>\n<\/div>\n<\/div>\n<\/div>\n<\/section>\n<\/div>\n<p>    <!-- version:1738399840 --><\/p>","protected":false},"excerpt":{"rendered":"<p>quem somos as nossas especialidades eventos espa\u00e7os quero um espa\u00e7o tenho um espa\u00e7o dark kitchens contacte-nos quem somos as nossas especialidades eventos espa\u00e7os quero um espa\u00e7o tenho um espa\u00e7o dark kitchens contacte-nos tenho um espa\u00e7o e preciso de ajuda como o podemos ajudar com o seu espa\u00e7o O seu espa\u00e7o precisa de uma transforma\u00e7\u00e3o profunda?&hellip; <a class=\"more-link\" href=\"https:\/\/exclamacao.consulting\/en\/tenho-um-espaco\/\">Continue reading <span class=\"screen-reader-text\">I have a place<\/span><\/a><\/p>","protected":false},"author":1,"featured_media":0,"parent":0,"menu_order":0,"comment_status":"closed","ping_status":"closed","template":"brizy-blank-template.php","meta":{"footnotes":""},"class_list":["post-168","page","type-page","status-publish","hentry","entry"],"_links":{"self":[{"href":"https:\/\/exclamacao.consulting\/en\/wp-json\/wp\/v2\/pages\/168","targetHints":{"allow":["GET"]}}],"collection":[{"href":"https:\/\/exclamacao.consulting\/en\/wp-json\/wp\/v2\/pages"}],"about":[{"href":"https:\/\/exclamacao.consulting\/en\/wp-json\/wp\/v2\/types\/page"}],"author":[{"embeddable":true,"href":"https:\/\/exclamacao.consulting\/en\/wp-json\/wp\/v2\/users\/1"}],"replies":[{"embeddable":true,"href":"https:\/\/exclamacao.consulting\/en\/wp-json\/wp\/v2\/comments?post=168"}],"version-history":[{"count":0,"href":"https:\/\/exclamacao.consulting\/en\/wp-json\/wp\/v2\/pages\/168\/revisions"}],"wp:attachment":[{"href":"https:\/\/exclamacao.consulting\/en\/wp-json\/wp\/v2\/media?parent=168"}],"curies":[{"name":"wp","href":"https:\/\/api.w.org\/{rel}","templated":true}]}}