{"id":156,"date":"2024-05-21T13:19:52","date_gmt":"2024-05-21T13:19:52","guid":{"rendered":"https:\/\/exclamacao.consulting\/?page_id=156"},"modified":"2025-07-18T18:39:16","modified_gmt":"2025-07-18T18:39:16","slug":"eventos","status":"publish","type":"page","link":"https:\/\/exclamacao.consulting\/en\/eventos\/","title":{"rendered":"events"},"content":{"rendered":"<div class=\"brz-root__container brz-reset-all brz brz-root__container-page\">\n<section id=\"entrada\" class=\"brz-section brz-css-19tec03\">\n<div class=\"brz-section__content brz-section--fullWidth brz-css-mox4wq brz-css-fnkz06\" data-brz-custom-id=\"w3v8vjD0vyNt\">\n<div class=\"brz-bg\">\n<div class=\"brz-bg-image\"><\/div>\n<div class=\"brz-bg-color\"><\/div>\n<\/div>\n<div class=\"brz-container brz-css-160lqoq brz-css-1juouyz\">\n<div class=\"brz-row__container brz-css-phdhxd\" data-brz-custom-id=\"hgKiaX3kWYWi\">\n<div class=\"brz-bg\"><\/div>\n<div class=\"brz-row brz-css-ievbz4 brz-css-1v4fla8\">\n<div class=\"brz-columns brz-css-1d4g8e7 brz-css-1aomqen\" data-brz-custom-id=\"p8jvrBSSlmlq\">\n<div class=\"brz-bg\"><\/div>\n<div class=\"brz-column__items brz-css-1hyj2a9\">\n<div id=\"\" class=\"brz-css-13k1wv1 brz-css-gkrh83 brz-wrapper\">\n<div class=\"brz-image brz-css-1faujxj\" data-brz-custom-id=\"kNEl5VFyTXKO\"><a class=\"brz-a\" href=\"https:\/\/exclamacao.consulting\/en\/\" target=\"_self\" rel=\"noopener\" data-brz-link-type=\"page\"><img decoding=\"async\" class=\"brz-img\" src=\"https:\/\/exclamacao.consulting\/wp-content\/uploads\/brizy\/imgs\/logo-81x30x0x0x81x30x1716296655.png\" alt=\"exclama\u00e7\u00e3o! f&amp;b consulting\" loading=\"lazy\"><\/a><\/div>\n<\/div>\n<\/div>\n<\/div>\n<div class=\"brz-columns brz-css-1d4g8e7 brz-css-1cxxcwm\" data-brz-custom-id=\"bUrcWfyJ1NCS\">\n<div class=\"brz-bg\"><\/div>\n<div class=\"brz-column__items brz-css-1hyj2a9\">\n<div id=\"\" class=\"brz-css-13k1wv1 brz-css-vf7vyk brz-wrapper\">\n<div class=\"brz-menu__container brz-css-1n5ggud brz-css-7kn04c\" data-mmenu-id=\"#tqYi2hxhroq1_3be1edf035e536875947\" data-mmenu-position=\"position-right\" data-mmenu-title=\"\" data-mmenu-stickytitle=\"on\" data-mmenu-isslider=\"false\" data-mmenu-closingicon=\"%7B%22desktop%22%3A%22off%22%2C%22tablet%22%3A%22off%22%2C%22mobile%22%3A%22off%22%7D\" data-brz-custom-id=\"tqYi2hxhroq1\">\n<nav data-mods=\"%7B%22desktop%22%3A%22horizontal%22%2C%22tablet%22%3A%22horizontal%22%2C%22mobile%22%3A%22horizontal%22%7D\" class=\"brz-menu brz-menu__preview brz-css-14gyzd8\">\n<ul class=\"brz-menu__ul\" data-menu-items-active=\"ffe3a675d46b990575791781831d8ddf\">\n<li data-menu-item-id=\"6e233faeae912fd0b96dd3b1dfaf843c\" class=\"brz-menu__item menu-item menu-item-type-custom menu-item-object-custom\"><a class=\"brz-a\" target=\"\" href=\"https:\/\/exclamacao.consulting\/en\/#quemsomos\" title=\"\"><span class=\"brz-span\">about us<\/span><\/a><\/li>\n<li data-menu-item-id=\"5993e4df10a76382fa9ff2e96d5c4757\" class=\"brz-menu__item menu-item menu-item-type-custom menu-item-object-custom\"><a class=\"brz-a\" target=\"\" href=\"https:\/\/exclamacao.consulting\/en\/#especialidades\" title=\"\"><span class=\"brz-span\">our specialties<\/span><\/a><\/li>\n<li data-menu-item-id=\"ffe3a675d46b990575791781831d8ddf\" class=\"brz-menu__item menu-item menu-item-type-post_type menu-item-object-page current-menu-item page_item page-item-156 current_page_item\"><a class=\"brz-a\" target=\"\" href=\"https:\/\/exclamacao.consulting\/en\/eventos\/\" title=\"\"><span class=\"brz-span\">events<\/span><\/a><\/li>\n<li data-menu-item-id=\"c5741363d4f80f9c3f477bf8a2b8ee59\" class=\"brz-menu__item menu-item menu-item-type-post_type menu-item-object-page\"><a class=\"brz-a\" target=\"\" href=\"https:\/\/exclamacao.consulting\/en\/espacos\/\" title=\"\"><span class=\"brz-span\">places<\/span><\/a>\n<ul class=\"brz-menu__sub-menu\">\n<li data-menu-item-id=\"334f3ccd20744d89f952b7e52db087e4\" class=\"brz-menu__item menu-item menu-item-type-post_type menu-item-object-page\"><a class=\"brz-a\" target=\"\" href=\"https:\/\/exclamacao.consulting\/en\/quero-um-espaco\/\" title=\"\"><span class=\"brz-span\">create a new place<\/span><\/a><\/li>\n<li data-menu-item-id=\"41631005b398e5399142e747ca529f58\" class=\"brz-menu__item menu-item menu-item-type-post_type menu-item-object-page\"><a class=\"brz-a\" target=\"\" href=\"https:\/\/exclamacao.consulting\/en\/tenho-um-espaco\/\" title=\"\"><span class=\"brz-span\">I have a place<\/span><\/a><\/li>\n<li data-menu-item-id=\"ebd75950f3a95f9b45a762dcdccb3e2c\" class=\"brz-menu__item menu-item menu-item-type-post_type menu-item-object-page\"><a class=\"brz-a\" target=\"\" href=\"https:\/\/exclamacao.consulting\/en\/darkkitchen\/\" title=\"\"><span class=\"brz-span\">dark kitchens<\/span><\/a><\/li>\n<\/ul>\n<\/li>\n<li data-menu-item-id=\"b3102419ff2a600d29e539ee1c4eca14\" class=\"brz-menu__item menu-item menu-item-type-custom menu-item-object-custom\"><a class=\"brz-a\" target=\"\" href=\"https:\/\/exclamacao.consulting\/en\/#contacto\" title=\"\"><span class=\"brz-span\">contact us<\/span><\/a><\/li>\n<\/ul>\n<\/nav>\n<div class=\"brz-mm-menu__icon\"><\/div>\n<nav data-mods=\"%7B%22desktop%22%3A%22horizontal%22%2C%22tablet%22%3A%22horizontal%22%2C%22mobile%22%3A%22horizontal%22%7D\" id=\"tqYi2hxhroq1_3be1edf035e536875947\" class=\"brz-menu brz-menu__preview brz-menu__mmenu brz-menu--has-dropdown brz-css-1vruuha brz-css-lbzft\">\n<ul class=\"brz-menu__ul\" data-menu-items-active=\"ffe3a675d46b990575791781831d8ddf\">\n<li data-menu-item-id=\"6e233faeae912fd0b96dd3b1dfaf843c\" class=\"brz-menu__item menu-item menu-item-type-custom menu-item-object-custom\"><a class=\"brz-a\" target=\"\" href=\"https:\/\/exclamacao.consulting\/en\/#quemsomos\" title=\"\"><span class=\"brz-span\">about us<\/span><\/a><\/li>\n<li data-menu-item-id=\"5993e4df10a76382fa9ff2e96d5c4757\" class=\"brz-menu__item menu-item menu-item-type-custom menu-item-object-custom\"><a class=\"brz-a\" target=\"\" href=\"https:\/\/exclamacao.consulting\/en\/#especialidades\" title=\"\"><span class=\"brz-span\">our specialties<\/span><\/a><\/li>\n<li data-menu-item-id=\"ffe3a675d46b990575791781831d8ddf\" class=\"brz-menu__item menu-item menu-item-type-post_type menu-item-object-page current-menu-item page_item page-item-156 current_page_item\"><a class=\"brz-a\" target=\"\" href=\"https:\/\/exclamacao.consulting\/en\/eventos\/\" title=\"\"><span class=\"brz-span\">events<\/span><\/a><\/li>\n<li data-menu-item-id=\"c5741363d4f80f9c3f477bf8a2b8ee59\" class=\"brz-menu__item menu-item menu-item-type-post_type menu-item-object-page\"><a class=\"brz-a\" target=\"\" href=\"https:\/\/exclamacao.consulting\/en\/espacos\/\" title=\"\"><span class=\"brz-span\">places<\/span><\/a>\n<ul class=\"brz-menu__sub-menu\">\n<li data-menu-item-id=\"334f3ccd20744d89f952b7e52db087e4\" class=\"brz-menu__item menu-item menu-item-type-post_type menu-item-object-page\"><a class=\"brz-a\" target=\"\" href=\"https:\/\/exclamacao.consulting\/en\/quero-um-espaco\/\" title=\"\"><span class=\"brz-span\">create a new place<\/span><\/a><\/li>\n<li data-menu-item-id=\"41631005b398e5399142e747ca529f58\" class=\"brz-menu__item menu-item menu-item-type-post_type menu-item-object-page\"><a class=\"brz-a\" target=\"\" href=\"https:\/\/exclamacao.consulting\/en\/tenho-um-espaco\/\" title=\"\"><span class=\"brz-span\">I have a place<\/span><\/a><\/li>\n<li data-menu-item-id=\"ebd75950f3a95f9b45a762dcdccb3e2c\" class=\"brz-menu__item menu-item menu-item-type-post_type menu-item-object-page\"><a class=\"brz-a\" target=\"\" href=\"https:\/\/exclamacao.consulting\/en\/darkkitchen\/\" title=\"\"><span class=\"brz-span\">dark kitchens<\/span><\/a><\/li>\n<\/ul>\n<\/li>\n<li data-menu-item-id=\"b3102419ff2a600d29e539ee1c4eca14\" class=\"brz-menu__item menu-item menu-item-type-custom menu-item-object-custom\"><a class=\"brz-a\" target=\"\" href=\"https:\/\/exclamacao.consulting\/en\/#contacto\" title=\"\"><span class=\"brz-span\">contact us<\/span><\/a><\/li>\n<\/ul>\n<\/nav>\n<\/div>\n<\/div>\n<\/div>\n<\/div>\n<\/div>\n<\/div>\n<div id=\"\" class=\"brz-css-13k1wv1 brz-css-18cd9ai brz-css-1uks24g brz-wrapper\">\n<div class=\"brz-spacer brz-css-13hvsn brz-css-2e5zrn\"><\/div>\n<\/div>\n<div id=\"\" class=\"brz-css-13k1wv1 brz-wrapper\">\n<div class=\"brz-rich-text brz-rich-text__custom brz-css-1c48d6w\" data-brz-custom-id=\"pyDR0TF11urX\">\n<div data-brz-translate-text=\"1\">\n<h1 class=\"brz-tp-lg-heading1 brz-ff-t_d7iEDFZDtq brz-ft-upload brz-fs-lg-28 brz-fss-lg-px brz-fw-lg-400 brz-ls-lg-m_1_5 brz-lh-lg-1_4 brz-vfw-lg-400 brz-fwdth-lg-100 brz-fsft-lg-0 brz-text-lg-center brz-css-ladei\" data-uniq-id=\"gLaxP\" data-generated-css=\"brz-css-pEmpJ\"><span class=\"brz-cp-color8 brz-capitalize-on\">events<\/span><\/h1>\n<\/div>\n<\/div>\n<\/div>\n<div id=\"\" class=\"brz-css-13k1wv1 brz-css-18cd9ai brz-css-xs2iiq brz-wrapper\">\n<div class=\"brz-spacer brz-css-13hvsn brz-css-1yhu5cd\"><\/div>\n<\/div>\n<div id=\"\" class=\"brz-css-13k1wv1 brz-css-18cd9ai brz-wrapper\">\n<div class=\"brz-spacer brz-css-13hvsn brz-css-azqsu9\"><\/div>\n<\/div>\n<div id=\"\" class=\"brz-css-13k1wv1 brz-css-18cd9ai brz-css-qi958m brz-wrapper\">\n<div class=\"brz-spacer brz-css-13hvsn brz-css-1u7tq5j\"><\/div>\n<\/div>\n<div class=\"brz-wrapper-clone brz-css-857bcm brz-css-1att6j9\">\n<div class=\"brz-d-xs-flex brz-flex-xs-wrap brz-css-1uj4rco\" data-brz-custom-id=\"\">\n<div class=\"brz-wrapper-clone__item\" id=\"udnjqlaPQTOa\">\n<div class=\"brz-icon__container\" data-brz-custom-id=\"udnjqlaPQTOa\"><span class=\"brz-icon brz-span brz-css-15vjrji brz-css-swh6dw\"><\/span><\/div>\n<\/div>\n<\/div>\n<\/div>\n<\/div>\n<\/div>\n<\/section>\n<section id=\"adb222f8aef66f697a9c_zMW9IV9nvaVq\" class=\"brz-section brz-css-19tec03\">\n<div class=\"brz-section__content brz-section--boxed brz-css-mox4wq brz-css-1w5yijk\" data-brz-custom-id=\"waOOXt0YP2dS\">\n<div class=\"brz-bg\">\n<div class=\"brz-bg-color\"><\/div>\n<\/div>\n<div class=\"brz-container brz-css-160lqoq\">\n<div id=\"\" class=\"brz-css-13k1wv1 brz-wrapper\">\n<div class=\"brz-rich-text brz-rich-text__custom brz-css-1c48d6w\" data-brz-custom-id=\"qkgE79ZMQg6O\">\n<div data-brz-translate-text=\"1\">\n<h3 class=\"brz-ff-t_d7iEDFZDtq brz-ft-upload brz-fs-lg-28 brz-fss-lg-px brz-fw-lg-400 brz-ls-lg-m_1_5 brz-lh-lg-1_4 brz-vfw-lg-400 brz-fwdth-lg-100 brz-fsft-lg-0 brz-tp-lg-heading3 brz-text-lg-center brz-css-j_xIa\" data-uniq-id=\"j9Fwn\" data-generated-css=\"brz-css-hL7pO\"><span class=\"brz-cp-color8 brz-capitalize-on\">our events<\/span><\/h3>\n<\/div>\n<\/div>\n<\/div>\n<div id=\"\" class=\"brz-css-13k1wv1 brz-wrapper\">\n<div class=\"brz-line brz-line-default brz-css-ojlfu6 brz-css-o0l0we\" data-brz-custom-id=\"t_fLMsynX8nn\">\n<hr class=\"brz-hr\"><\/div>\n<\/div>\n<div id=\"\" class=\"brz-css-13k1wv1 brz-css-ym72hg brz-wrapper\">\n<div class=\"brz-rich-text brz-rich-text__custom brz-css-1c48d6w\" data-brz-custom-id=\"oCpOII84iAGF\">\n<div data-brz-translate-text=\"1\">\n<h2 class=\"brz-tp-lg-paragraph brz-css-fmpBQ\" data-uniq-id=\"pYeLH\" data-generated-css=\"brz-css-nVQCT\"><span class=\"brz-cp-color8\">Turnkey events: we materialize your ideas into memorable events. From a cooking workshop to catering, team building, private or corporate events. The idea is yours, the rest is up to us!<\/span><\/h2>\n<\/div>\n<\/div>\n<\/div>\n<\/div>\n<\/div>\n<\/section>\n<section id=\"0aa3f66ce12a9d76b1a8_lVICLjLejjy0\" class=\"brz-section brz-css-19tec03\">\n<div class=\"brz-section__content brz-section--boxed brz-css-mox4wq\" data-brz-custom-id=\"nr_DN30fP1Tu\">\n<div class=\"brz-container brz-css-160lqoq\">\n<div id=\"\" class=\"brz-css-13k1wv1 brz-wrapper\">\n<div class=\"brz-rich-text brz-rich-text__custom brz-css-1c48d6w\" data-brz-custom-id=\"c3W_nQfxlLMz\">\n<div data-brz-translate-text=\"1\">\n<h3 data-uniq-id=\"qnkWz\" data-generated-css=\"brz-css-l8gBw\" class=\"brz-ff-t_d7iEDFZDtq brz-ft-upload brz-fs-lg-28 brz-fss-lg-px brz-fw-lg-400 brz-ls-lg-m_1_5 brz-lh-lg-1_4 brz-vfw-lg-400 brz-fwdth-lg-100 brz-fsft-lg-0 brz-tp-lg-heading3 brz-text-lg-center brz-css-d_dN8\"><span class=\"brz-cp-color3 brz-capitalize-on\">What we do<\/span><\/h3>\n<\/div>\n<\/div>\n<\/div>\n<div id=\"\" class=\"brz-css-13k1wv1 brz-wrapper\">\n<div class=\"brz-line brz-line-default brz-css-ojlfu6 brz-css-jn5533\" data-brz-custom-id=\"upTnyD3B9824\">\n<hr class=\"brz-hr\"><\/div>\n<\/div>\n<div class=\"brz-row__container brz-css-phdhxd\" data-brz-custom-id=\"p7JfA3UXhykD\">\n<div class=\"brz-bg\"><\/div>\n<div class=\"brz-row brz-css-ievbz4 brz-css-1v4fla8\">\n<div class=\"brz-columns brz-css-1d4g8e7 brz-css-1t7hcq8\" data-brz-custom-id=\"q6Rdakm7KfTX\">\n<div class=\"brz-bg\"><\/div>\n<div class=\"brz-column__items brz-css-1hyj2a9\">\n<div id=\"\" class=\"brz-css-13k1wv1 brz-wrapper\">\n<div class=\"brz-rich-text brz-rich-text__custom brz-css-1c48d6w\" data-brz-custom-id=\"jDmUhtCdm7y_\">\n<div data-brz-translate-text=\"1\">\n<h4 class=\"brz-text-lg-center brz-tp-lg-heading4 brz-css-kJtjx\" data-generated-css=\"brz-css-kX9VN\" data-uniq-id=\"deO3R\"><span class=\"brz-capitalize-on brz-cp-color3\">CONSULTING<\/span><\/h4>\n<\/div>\n<\/div>\n<\/div>\n<\/div>\n<\/div>\n<\/div>\n<\/div>\n<div class=\"brz-row__container brz-css-phdhxd\" data-brz-custom-id=\"r2xMEFkZjEhS\">\n<div class=\"brz-bg\"><\/div>\n<div class=\"brz-row brz-css-ievbz4 brz-css-1v4fla8\">\n<div class=\"brz-columns brz-css-1d4g8e7 brz-css-r25vja\" data-brz-custom-id=\"h_C2QFOMbtGW\">\n<div class=\"brz-bg\"><\/div>\n<div class=\"brz-column__items brz-css-1hyj2a9\">\n<div id=\"\" class=\"brz-css-13k1wv1 brz-wrapper\">\n<div class=\"brz-rich-text brz-rich-text__custom brz-css-1c48d6w\" data-brz-custom-id=\"zSapEpYTmtml\">\n<div data-brz-translate-text=\"1\">\n<h4 class=\"brz-tp-lg-heading4 brz-text-lg-center brz-css-jBSYe\" data-uniq-id=\"kuIPs\" data-generated-css=\"brz-css-z21Dd\"><span class=\"brz-cp-color3 brz-capitalize-on\">VIABILITY STUDY<\/span><\/h4>\n<\/div>\n<\/div>\n<\/div>\n<\/div>\n<\/div>\n<\/div>\n<\/div>\n<div class=\"brz-row__container brz-css-phdhxd\" data-brz-custom-id=\"sNXR1q3hSHBs\">\n<div class=\"brz-bg\"><\/div>\n<div class=\"brz-row brz-css-ievbz4 brz-css-1v4fla8\">\n<div class=\"brz-columns brz-css-1d4g8e7 brz-css-1bq0pz8\" data-brz-custom-id=\"rXxa2MChRMVl\">\n<div class=\"brz-bg\"><\/div>\n<div class=\"brz-column__items brz-css-1hyj2a9\">\n<div id=\"\" class=\"brz-css-13k1wv1 brz-wrapper\">\n<div class=\"brz-rich-text brz-rich-text__custom brz-css-1c48d6w\" data-brz-custom-id=\"fauinniq8kC6\">\n<div data-brz-translate-text=\"1\">\n<h4 class=\"brz-text-lg-center brz-tp-lg-heading4 brz-css-fWEmo\" data-generated-css=\"brz-css-b8BOi\" data-uniq-id=\"zeFMe\"><span class=\"brz-capitalize-on brz-cp-color3\">strategy<\/span><\/h4>\n<\/div>\n<\/div>\n<\/div>\n<\/div>\n<\/div>\n<\/div>\n<\/div>\n<div class=\"brz-row__container brz-css-phdhxd\" data-brz-custom-id=\"dFN1AywD2zlN\">\n<div class=\"brz-bg\"><\/div>\n<div class=\"brz-row brz-css-ievbz4 brz-css-1v4fla8\">\n<div class=\"brz-columns brz-css-1d4g8e7 brz-css-1pe5oxd\" data-brz-custom-id=\"aqsaJGnqnwsk\">\n<div class=\"brz-bg\"><\/div>\n<div class=\"brz-column__items brz-css-1hyj2a9\">\n<div id=\"\" class=\"brz-css-13k1wv1 brz-wrapper\">\n<div class=\"brz-rich-text brz-rich-text__custom brz-css-1c48d6w\" data-brz-custom-id=\"jpnLUg0fKAz6\">\n<div data-brz-translate-text=\"1\">\n<h4 class=\"brz-text-lg-center brz-tp-lg-heading4 brz-css-vMQEk\" data-generated-css=\"brz-css-oSu1B\" data-uniq-id=\"l5pT6\"><span class=\"brz-capitalize-on brz-cp-color3\">CONCEPTUALIZATION AND DEVELOPMENT OF THE MENU<\/span><\/h4>\n<\/div>\n<\/div>\n<\/div>\n<\/div>\n<\/div>\n<\/div>\n<\/div>\n<div class=\"brz-row__container brz-css-phdhxd\" data-brz-custom-id=\"knIZgoUnKVCU\">\n<div class=\"brz-bg\"><\/div>\n<div class=\"brz-row brz-css-ievbz4 brz-css-1v4fla8\">\n<div class=\"brz-columns brz-css-1d4g8e7 brz-css-15od0dy\" data-brz-custom-id=\"wAHGRW85FvtY\">\n<div class=\"brz-bg\"><\/div>\n<div class=\"brz-column__items brz-css-1hyj2a9\">\n<div id=\"\" class=\"brz-css-13k1wv1 brz-wrapper\">\n<div class=\"brz-rich-text brz-rich-text__custom brz-css-1c48d6w\" data-brz-custom-id=\"g8k05MhpT6dn\">\n<div data-brz-translate-text=\"1\">\n<h4 class=\"brz-tp-lg-heading4 brz-text-lg-center brz-css-wZaKZ\" data-uniq-id=\"t9HcB\" data-generated-css=\"brz-css-kOefR\"><span class=\"brz-cp-color3 brz-capitalize-on\">SOP\u00b4s (STANDARD OPERATION PROCEDURES)<\/span><\/h4>\n<\/div>\n<\/div>\n<\/div>\n<\/div>\n<\/div>\n<\/div>\n<\/div>\n<div class=\"brz-row__container brz-css-phdhxd\" data-brz-custom-id=\"skpoQwvHTJWS\">\n<div class=\"brz-bg\"><\/div>\n<div class=\"brz-row brz-css-ievbz4 brz-css-1v4fla8\">\n<div class=\"brz-columns brz-css-1d4g8e7 brz-css-19jl3cb\" data-brz-custom-id=\"dsROq_7vAcCW\">\n<div class=\"brz-bg\"><\/div>\n<div class=\"brz-column__items brz-css-1hyj2a9\">\n<div id=\"\" class=\"brz-css-13k1wv1 brz-wrapper\">\n<div class=\"brz-rich-text brz-rich-text__custom brz-css-1c48d6w\" data-brz-custom-id=\"ujq0EAW34BTA\">\n<div data-brz-translate-text=\"1\">\n<h4 class=\"brz-text-lg-center brz-tp-lg-heading4 brz-css-ymrBE\" data-generated-css=\"brz-css-ej7OU\" data-uniq-id=\"fDfEx\"><span class=\"brz-capitalize-on brz-cp-color3\">COMMUNICATION<\/span><\/h4>\n<\/div>\n<\/div>\n<\/div>\n<\/div>\n<\/div>\n<\/div>\n<\/div>\n<div class=\"brz-row__container brz-css-phdhxd\" data-brz-custom-id=\"vMoyX5SOoohC\">\n<div class=\"brz-bg\"><\/div>\n<div class=\"brz-row brz-css-ievbz4 brz-css-1v4fla8\">\n<div class=\"brz-columns brz-css-1d4g8e7 brz-css-1c56p07\" data-brz-custom-id=\"cWdYdWCzEQTN\">\n<div class=\"brz-bg\"><\/div>\n<div class=\"brz-column__items brz-css-1hyj2a9\">\n<div id=\"\" class=\"brz-css-13k1wv1 brz-wrapper\">\n<div class=\"brz-rich-text brz-rich-text__custom brz-css-1c48d6w\" data-brz-custom-id=\"caqD8wHNLp_S\">\n<div data-brz-translate-text=\"1\">\n<h4 class=\"brz-tp-lg-heading4 brz-text-lg-center brz-css-w2_iV\" data-uniq-id=\"pbkSi\" data-generated-css=\"brz-css-xdooY\"><span class=\"brz-cp-color3 brz-capitalize-on\">STRATEGIC PARTNERSHIPS<\/span><\/h4>\n<\/div>\n<\/div>\n<\/div>\n<\/div>\n<\/div>\n<\/div>\n<\/div>\n<div class=\"brz-row__container brz-css-phdhxd\" data-brz-custom-id=\"wKnPTbJEkOHc\">\n<div class=\"brz-bg\"><\/div>\n<div class=\"brz-row brz-css-ievbz4 brz-css-1v4fla8\">\n<div class=\"brz-columns brz-css-1d4g8e7 brz-css-rw55vv\" data-brz-custom-id=\"eM0Qd6pIGiZ4\">\n<div class=\"brz-bg\"><\/div>\n<div class=\"brz-column__items brz-css-1hyj2a9\">\n<div id=\"\" class=\"brz-css-13k1wv1 brz-wrapper\">\n<div class=\"brz-rich-text brz-rich-text__custom brz-css-1c48d6w\" data-brz-custom-id=\"jSfX22jxPBB_\">\n<div data-brz-translate-text=\"1\">\n<h4 class=\"brz-tp-lg-heading4 brz-text-lg-center brz-css-tEC_x\" data-uniq-id=\"frWGe\" data-generated-css=\"brz-css-hUcAX\"><span class=\"brz-cp-color3 brz-capitalize-on\">SOCIAL MEDIA<\/span><\/h4>\n<\/div>\n<\/div>\n<\/div>\n<\/div>\n<\/div>\n<\/div>\n<\/div>\n<div id=\"\" class=\"brz-css-13k1wv1 brz-css-18cd9ai brz-wrapper\">\n<div class=\"brz-spacer brz-css-13hvsn\"><\/div>\n<\/div>\n<div class=\"brz-wrapper-clone brz-css-857bcm\">\n<div class=\"brz-d-xs-flex brz-flex-xs-wrap brz-css-1uj4rco\" data-brz-custom-id=\"\">\n<div class=\"brz-wrapper-clone__item\" id=\"xPmjSbHdPeWA\"><a class=\"brz-a brz-btn brz-css-1shz4ce brz-css-s9rto4 brz-css-4hf4hc\" href=\"https:\/\/exclamacao.consulting\/en\/#contacto\" target=\"_self\" rel=\"noopener\" data-brz-link-type=\"external\" data-brz-custom-id=\"xPmjSbHdPeWA\"><span data-brz-translate-text=\"1\" class=\"brz-span brz-text__editor\">CONTACT US<\/span><\/a><\/div>\n<\/div>\n<\/div>\n<\/div>\n<\/div>\n<\/section>\n<\/div>\n<p>    <!-- version:1738401557 --><\/p>","protected":false},"excerpt":{"rendered":"<p>quem somos as nossas especialidades eventos espa\u00e7os quero um espa\u00e7o tenho um espa\u00e7o dark kitchens contacte-nos quem somos as nossas especialidades eventos espa\u00e7os quero um espa\u00e7o tenho um espa\u00e7o dark kitchens contacte-nos eventos os nossos eventos Eventos chave na m\u00e3o: materializamos as suas ideias em eventos memor\u00e1veis. De um workshop de cozinha a um catering,&hellip; <a class=\"more-link\" href=\"https:\/\/exclamacao.consulting\/en\/eventos\/\">Continue reading <span class=\"screen-reader-text\">events<\/span><\/a><\/p>","protected":false},"author":1,"featured_media":0,"parent":0,"menu_order":0,"comment_status":"closed","ping_status":"closed","template":"brizy-blank-template.php","meta":{"footnotes":""},"class_list":["post-156","page","type-page","status-publish","hentry","entry"],"_links":{"self":[{"href":"https:\/\/exclamacao.consulting\/en\/wp-json\/wp\/v2\/pages\/156","targetHints":{"allow":["GET"]}}],"collection":[{"href":"https:\/\/exclamacao.consulting\/en\/wp-json\/wp\/v2\/pages"}],"about":[{"href":"https:\/\/exclamacao.consulting\/en\/wp-json\/wp\/v2\/types\/page"}],"author":[{"embeddable":true,"href":"https:\/\/exclamacao.consulting\/en\/wp-json\/wp\/v2\/users\/1"}],"replies":[{"embeddable":true,"href":"https:\/\/exclamacao.consulting\/en\/wp-json\/wp\/v2\/comments?post=156"}],"version-history":[{"count":0,"href":"https:\/\/exclamacao.consulting\/en\/wp-json\/wp\/v2\/pages\/156\/revisions"}],"wp:attachment":[{"href":"https:\/\/exclamacao.consulting\/en\/wp-json\/wp\/v2\/media?parent=156"}],"curies":[{"name":"wp","href":"https:\/\/api.w.org\/{rel}","templated":true}]}}