{"id":111,"date":"2024-05-21T12:56:05","date_gmt":"2024-05-21T12:56:05","guid":{"rendered":"https:\/\/exclamacao.consulting\/?page_id=111"},"modified":"2025-07-18T18:39:32","modified_gmt":"2025-07-18T18:39:32","slug":"darkkitchen","status":"publish","type":"page","link":"https:\/\/exclamacao.consulting\/en\/darkkitchen\/","title":{"rendered":"darkkitchen"},"content":{"rendered":"<div class=\"brz-root__container brz-reset-all brz brz-root__container-page\">\n<section id=\"entrada\" class=\"brz-section brz-css-19tec03\">\n<div class=\"brz-section__content brz-section--fullWidth brz-css-mox4wq brz-css-104f89v\" data-brz-custom-id=\"w3v8vjD0vyNt\">\n<div class=\"brz-bg\">\n<div class=\"brz-bg-image\"><\/div>\n<div class=\"brz-bg-color\"><\/div>\n<\/div>\n<div class=\"brz-container brz-css-160lqoq brz-css-1juouyz\">\n<div class=\"brz-row__container brz-css-phdhxd\" data-brz-custom-id=\"hgKiaX3kWYWi\">\n<div class=\"brz-bg\"><\/div>\n<div class=\"brz-row brz-css-ievbz4 brz-css-1v4fla8\">\n<div class=\"brz-columns brz-css-1d4g8e7 brz-css-1aomqen\" data-brz-custom-id=\"p8jvrBSSlmlq\">\n<div class=\"brz-bg\"><\/div>\n<div class=\"brz-column__items brz-css-1hyj2a9\">\n<div id=\"\" class=\"brz-css-13k1wv1 brz-css-gkrh83 brz-wrapper\">\n<div class=\"brz-image brz-css-1faujxj\" data-brz-custom-id=\"kNEl5VFyTXKO\"><a class=\"brz-a\" href=\"https:\/\/exclamacao.consulting\/en\/\" target=\"_self\" rel=\"noopener\" data-brz-link-type=\"page\"><img decoding=\"async\" class=\"brz-img\" src=\"https:\/\/exclamacao.consulting\/wp-content\/uploads\/brizy\/imgs\/logo-81x30x0x0x81x30x1716296655.png\" alt=\"exclama\u00e7\u00e3o! f&amp;b consulting\" loading=\"lazy\"><\/a><\/div>\n<\/div>\n<\/div>\n<\/div>\n<div class=\"brz-columns brz-css-1d4g8e7 brz-css-1cxxcwm\" data-brz-custom-id=\"bUrcWfyJ1NCS\">\n<div class=\"brz-bg\"><\/div>\n<div class=\"brz-column__items brz-css-1hyj2a9\">\n<div id=\"\" class=\"brz-css-13k1wv1 brz-css-vf7vyk brz-wrapper\">\n<div class=\"brz-menu__container brz-css-1n5ggud brz-css-7kn04c\" data-mmenu-id=\"#tqYi2hxhroq1_1e46bb35e971c7e9ebab\" data-mmenu-position=\"position-right\" data-mmenu-title=\"\" data-mmenu-stickytitle=\"on\" data-mmenu-isslider=\"false\" data-mmenu-closingicon=\"%7B%22desktop%22%3A%22off%22%2C%22tablet%22%3A%22off%22%2C%22mobile%22%3A%22off%22%7D\" data-brz-custom-id=\"tqYi2hxhroq1\">\n<nav data-mods=\"%7B%22desktop%22%3A%22horizontal%22%2C%22tablet%22%3A%22horizontal%22%2C%22mobile%22%3A%22horizontal%22%7D\" class=\"brz-menu brz-menu__preview brz-css-14gyzd8\">\n<ul class=\"brz-menu__ul\" data-menu-items-active=\"ebd75950f3a95f9b45a762dcdccb3e2c,c5741363d4f80f9c3f477bf8a2b8ee59\">\n<li data-menu-item-id=\"6e233faeae912fd0b96dd3b1dfaf843c\" class=\"brz-menu__item menu-item menu-item-type-custom menu-item-object-custom\"><a class=\"brz-a\" target=\"\" href=\"https:\/\/exclamacao.consulting\/en\/#quemsomos\" title=\"\"><span class=\"brz-span\">about us<\/span><\/a><\/li>\n<li data-menu-item-id=\"5993e4df10a76382fa9ff2e96d5c4757\" class=\"brz-menu__item menu-item menu-item-type-custom menu-item-object-custom\"><a class=\"brz-a\" target=\"\" href=\"https:\/\/exclamacao.consulting\/en\/#especialidades\" title=\"\"><span class=\"brz-span\">our specialties<\/span><\/a><\/li>\n<li data-menu-item-id=\"ffe3a675d46b990575791781831d8ddf\" class=\"brz-menu__item menu-item menu-item-type-post_type menu-item-object-page\"><a class=\"brz-a\" target=\"\" href=\"https:\/\/exclamacao.consulting\/en\/eventos\/\" title=\"\"><span class=\"brz-span\">events<\/span><\/a><\/li>\n<li data-menu-item-id=\"c5741363d4f80f9c3f477bf8a2b8ee59\" class=\"brz-menu__item menu-item menu-item-type-post_type menu-item-object-page current-menu-ancestor current-menu-parent current_page_parent current_page_ancestor\"><a class=\"brz-a\" target=\"\" href=\"https:\/\/exclamacao.consulting\/en\/espacos\/\" title=\"\"><span class=\"brz-span\">places<\/span><\/a>\n<ul class=\"brz-menu__sub-menu\">\n<li data-menu-item-id=\"334f3ccd20744d89f952b7e52db087e4\" class=\"brz-menu__item menu-item menu-item-type-post_type menu-item-object-page\"><a class=\"brz-a\" target=\"\" href=\"https:\/\/exclamacao.consulting\/en\/quero-um-espaco\/\" title=\"\"><span class=\"brz-span\">create a new place<\/span><\/a><\/li>\n<li data-menu-item-id=\"41631005b398e5399142e747ca529f58\" class=\"brz-menu__item menu-item menu-item-type-post_type menu-item-object-page\"><a class=\"brz-a\" target=\"\" href=\"https:\/\/exclamacao.consulting\/en\/tenho-um-espaco\/\" title=\"\"><span class=\"brz-span\">I have a place<\/span><\/a><\/li>\n<li data-menu-item-id=\"ebd75950f3a95f9b45a762dcdccb3e2c\" class=\"brz-menu__item menu-item menu-item-type-post_type menu-item-object-page current-menu-item page_item page-item-111 current_page_item\"><a class=\"brz-a\" target=\"\" href=\"https:\/\/exclamacao.consulting\/en\/darkkitchen\/\" title=\"\"><span class=\"brz-span\">dark kitchens<\/span><\/a><\/li>\n<\/ul>\n<\/li>\n<li data-menu-item-id=\"b3102419ff2a600d29e539ee1c4eca14\" class=\"brz-menu__item menu-item menu-item-type-custom menu-item-object-custom\"><a class=\"brz-a\" target=\"\" href=\"https:\/\/exclamacao.consulting\/en\/#contacto\" title=\"\"><span class=\"brz-span\">contact us<\/span><\/a><\/li>\n<\/ul>\n<\/nav>\n<div class=\"brz-mm-menu__icon\"><\/div>\n<nav data-mods=\"%7B%22desktop%22%3A%22horizontal%22%2C%22tablet%22%3A%22horizontal%22%2C%22mobile%22%3A%22horizontal%22%7D\" id=\"tqYi2hxhroq1_1e46bb35e971c7e9ebab\" class=\"brz-menu brz-menu__preview brz-menu__mmenu brz-menu--has-dropdown brz-css-1vruuha brz-css-lbzft\">\n<ul class=\"brz-menu__ul\" data-menu-items-active=\"ebd75950f3a95f9b45a762dcdccb3e2c,c5741363d4f80f9c3f477bf8a2b8ee59\">\n<li data-menu-item-id=\"6e233faeae912fd0b96dd3b1dfaf843c\" class=\"brz-menu__item menu-item menu-item-type-custom menu-item-object-custom\"><a class=\"brz-a\" target=\"\" href=\"https:\/\/exclamacao.consulting\/en\/#quemsomos\" title=\"\"><span class=\"brz-span\">about us<\/span><\/a><\/li>\n<li data-menu-item-id=\"5993e4df10a76382fa9ff2e96d5c4757\" class=\"brz-menu__item menu-item menu-item-type-custom menu-item-object-custom\"><a class=\"brz-a\" target=\"\" href=\"https:\/\/exclamacao.consulting\/en\/#especialidades\" title=\"\"><span class=\"brz-span\">our specialties<\/span><\/a><\/li>\n<li data-menu-item-id=\"ffe3a675d46b990575791781831d8ddf\" class=\"brz-menu__item menu-item menu-item-type-post_type menu-item-object-page\"><a class=\"brz-a\" target=\"\" href=\"https:\/\/exclamacao.consulting\/en\/eventos\/\" title=\"\"><span class=\"brz-span\">events<\/span><\/a><\/li>\n<li data-menu-item-id=\"c5741363d4f80f9c3f477bf8a2b8ee59\" class=\"brz-menu__item menu-item menu-item-type-post_type menu-item-object-page current-menu-ancestor current-menu-parent current_page_parent current_page_ancestor\"><a class=\"brz-a\" target=\"\" href=\"https:\/\/exclamacao.consulting\/en\/espacos\/\" title=\"\"><span class=\"brz-span\">places<\/span><\/a>\n<ul class=\"brz-menu__sub-menu\">\n<li data-menu-item-id=\"334f3ccd20744d89f952b7e52db087e4\" class=\"brz-menu__item menu-item menu-item-type-post_type menu-item-object-page\"><a class=\"brz-a\" target=\"\" href=\"https:\/\/exclamacao.consulting\/en\/quero-um-espaco\/\" title=\"\"><span class=\"brz-span\">create a new place<\/span><\/a><\/li>\n<li data-menu-item-id=\"41631005b398e5399142e747ca529f58\" class=\"brz-menu__item menu-item menu-item-type-post_type menu-item-object-page\"><a class=\"brz-a\" target=\"\" href=\"https:\/\/exclamacao.consulting\/en\/tenho-um-espaco\/\" title=\"\"><span class=\"brz-span\">I have a place<\/span><\/a><\/li>\n<li data-menu-item-id=\"ebd75950f3a95f9b45a762dcdccb3e2c\" class=\"brz-menu__item menu-item menu-item-type-post_type menu-item-object-page current-menu-item page_item page-item-111 current_page_item\"><a class=\"brz-a\" target=\"\" href=\"https:\/\/exclamacao.consulting\/en\/darkkitchen\/\" title=\"\"><span class=\"brz-span\">dark kitchens<\/span><\/a><\/li>\n<\/ul>\n<\/li>\n<li data-menu-item-id=\"b3102419ff2a600d29e539ee1c4eca14\" class=\"brz-menu__item menu-item menu-item-type-custom menu-item-object-custom\"><a class=\"brz-a\" target=\"\" href=\"https:\/\/exclamacao.consulting\/en\/#contacto\" title=\"\"><span class=\"brz-span\">contact us<\/span><\/a><\/li>\n<\/ul>\n<\/nav>\n<\/div>\n<\/div>\n<\/div>\n<\/div>\n<\/div>\n<\/div>\n<div id=\"\" class=\"brz-css-13k1wv1 brz-css-18cd9ai brz-css-1uks24g brz-wrapper\">\n<div class=\"brz-spacer brz-css-13hvsn brz-css-2e5zrn\"><\/div>\n<\/div>\n<div id=\"\" class=\"brz-css-13k1wv1 brz-wrapper\">\n<div class=\"brz-rich-text brz-rich-text__custom brz-css-1c48d6w\" data-brz-custom-id=\"pyDR0TF11urX\">\n<div data-brz-translate-text=\"1\">\n<h1 data-generated-css=\"brz-css-dRNlB\" data-uniq-id=\"bnuUN\" class=\"brz-text-lg-center brz-fsft-lg-0 brz-fwdth-lg-100 brz-vfw-lg-400 brz-lh-lg-1_4 brz-ls-lg-m_1_5 brz-fw-lg-400 brz-fss-lg-px brz-fs-lg-28 brz-ft-upload brz-ff-t_d7iEDFZDtq brz-tp-lg-heading1 brz-css-r0nEA\"><span class=\"brz-capitalize-on brz-cp-color8\">dark kitchens<\/span><\/h1>\n<\/div>\n<\/div>\n<\/div>\n<div id=\"\" class=\"brz-css-13k1wv1 brz-css-18cd9ai brz-css-xs2iiq brz-wrapper\">\n<div class=\"brz-spacer brz-css-13hvsn brz-css-1yhu5cd\"><\/div>\n<\/div>\n<div id=\"\" class=\"brz-css-13k1wv1 brz-css-18cd9ai brz-wrapper\">\n<div class=\"brz-spacer brz-css-13hvsn brz-css-azqsu9\"><\/div>\n<\/div>\n<div id=\"\" class=\"brz-css-13k1wv1 brz-css-18cd9ai brz-css-qi958m brz-wrapper\">\n<div class=\"brz-spacer brz-css-13hvsn brz-css-1u7tq5j\"><\/div>\n<\/div>\n<div class=\"brz-wrapper-clone brz-css-857bcm brz-css-1att6j9\">\n<div class=\"brz-d-xs-flex brz-flex-xs-wrap brz-css-1uj4rco\" data-brz-custom-id=\"\">\n<div class=\"brz-wrapper-clone__item\" id=\"udnjqlaPQTOa\">\n<div class=\"brz-icon__container\" data-brz-custom-id=\"udnjqlaPQTOa\"><span class=\"brz-icon brz-span brz-css-15vjrji brz-css-swh6dw\"><\/span><\/div>\n<\/div>\n<\/div>\n<\/div>\n<\/div>\n<\/div>\n<\/section>\n<section id=\"bdb7f15313598829f63d_zMW9IV9nvaVq\" class=\"brz-section brz-css-19tec03\">\n<div class=\"brz-section__content brz-section--boxed brz-css-mox4wq brz-css-1w5yijk\" data-brz-custom-id=\"waOOXt0YP2dS\">\n<div class=\"brz-bg\">\n<div class=\"brz-bg-color\"><\/div>\n<\/div>\n<div class=\"brz-container brz-css-160lqoq\">\n<div id=\"\" class=\"brz-css-13k1wv1 brz-wrapper\">\n<div class=\"brz-rich-text brz-rich-text__custom brz-css-1c48d6w\" data-brz-custom-id=\"qkgE79ZMQg6O\">\n<div data-brz-translate-text=\"1\">\n<h3 class=\"brz-text-lg-center brz-tp-lg-heading3 brz-fsft-lg-0 brz-fwdth-lg-100 brz-vfw-lg-400 brz-lh-lg-1_4 brz-ls-lg-m_1_5 brz-fw-lg-400 brz-fss-lg-px brz-fs-lg-28 brz-ft-upload brz-ff-t_d7iEDFZDtq brz-css-oF6WE\" data-generated-css=\"brz-css-mGl7Y\" data-uniq-id=\"sa7sD\"><span class=\"brz-capitalize-on brz-cp-color8\">dark kitchens<\/span><\/h3>\n<\/div>\n<\/div>\n<\/div>\n<div id=\"\" class=\"brz-css-13k1wv1 brz-wrapper\">\n<div class=\"brz-line brz-line-default brz-css-ojlfu6 brz-css-o0l0we\" data-brz-custom-id=\"t_fLMsynX8nn\">\n<hr class=\"brz-hr\"><\/div>\n<\/div>\n<div id=\"\" class=\"brz-css-13k1wv1 brz-wrapper\">\n<div class=\"brz-rich-text brz-rich-text__custom brz-css-1c48d6w\" data-brz-custom-id=\"oCpOII84iAGF\">\n<div data-brz-translate-text=\"1\">\n<h2 class=\"brz-tp-lg-paragraph brz-text-lg-center brz-css-izdKG\" data-generated-css=\"brz-css-ow8vz\" data-uniq-id=\"i4Q1e\"><span class=\"brz-cp-color8\">We help design concepts and make your business profitable.<\/span><\/h2>\n<\/div>\n<\/div>\n<\/div>\n<\/div>\n<\/div>\n<\/section>\n<section id=\"3ee833bf89359438c509_lVICLjLejjy0\" class=\"brz-section brz-css-19tec03\">\n<div class=\"brz-section__content brz-section--boxed brz-css-mox4wq\" data-brz-custom-id=\"nr_DN30fP1Tu\">\n<div class=\"brz-container brz-css-160lqoq\">\n<div id=\"\" class=\"brz-css-13k1wv1 brz-wrapper\">\n<div class=\"brz-rich-text brz-rich-text__custom brz-css-1c48d6w\" data-brz-custom-id=\"c3W_nQfxlLMz\">\n<div data-brz-translate-text=\"1\">\n<h3 data-uniq-id=\"qnkWz\" data-generated-css=\"brz-css-l8gBw\" class=\"brz-ff-t_d7iEDFZDtq brz-ft-upload brz-fs-lg-28 brz-fss-lg-px brz-fw-lg-400 brz-ls-lg-m_1_5 brz-lh-lg-1_4 brz-vfw-lg-400 brz-fwdth-lg-100 brz-fsft-lg-0 brz-tp-lg-heading3 brz-text-lg-center brz-css-uhfMT\"><span class=\"brz-cp-color3 brz-capitalize-on\">What we do<\/span><\/h3>\n<\/div>\n<\/div>\n<\/div>\n<div id=\"\" class=\"brz-css-13k1wv1 brz-wrapper\">\n<div class=\"brz-line brz-line-default brz-css-ojlfu6 brz-css-jn5533\" data-brz-custom-id=\"upTnyD3B9824\">\n<hr class=\"brz-hr\"><\/div>\n<\/div>\n<div class=\"brz-row__container brz-css-phdhxd\" data-brz-custom-id=\"xrwKbHHV28Uy\">\n<div class=\"brz-bg\"><\/div>\n<div class=\"brz-row brz-css-ievbz4 brz-css-1v4fla8\">\n<div class=\"brz-columns brz-css-1d4g8e7 brz-css-1x3hl87\" data-brz-custom-id=\"aMwxUIH3CyE3\">\n<div class=\"brz-bg\"><\/div>\n<div class=\"brz-column__items brz-css-1hyj2a9\">\n<div id=\"\" class=\"brz-css-13k1wv1 brz-wrapper\">\n<div class=\"brz-rich-text brz-rich-text__custom brz-css-1c48d6w\" data-brz-custom-id=\"lJBu_fa6G91U\">\n<div data-brz-translate-text=\"1\">\n<h4 class=\"brz-tp-lg-heading4 brz-text-lg-center brz-css-wMtIG\" data-uniq-id=\"s0qkf\" data-generated-css=\"brz-css-d9wKd\"><span class=\"brz-cp-color3 brz-capitalize-on\">DUE DILIGENCE<\/span><\/h4>\n<\/div>\n<\/div>\n<\/div>\n<\/div>\n<\/div>\n<\/div>\n<\/div>\n<div class=\"brz-row__container brz-css-phdhxd\" data-brz-custom-id=\"tSMx4SZz7cK3\">\n<div class=\"brz-bg\"><\/div>\n<div class=\"brz-row brz-css-ievbz4 brz-css-1v4fla8\">\n<div class=\"brz-columns brz-css-1d4g8e7 brz-css-191uaxc\" data-brz-custom-id=\"ebGp4q0NocLY\">\n<div class=\"brz-bg\"><\/div>\n<div class=\"brz-column__items brz-css-1hyj2a9\">\n<div id=\"\" class=\"brz-css-13k1wv1 brz-wrapper\">\n<div class=\"brz-rich-text brz-rich-text__custom brz-css-1c48d6w\" data-brz-custom-id=\"jEZVbNvHZCMC\">\n<div data-brz-translate-text=\"1\">\n<h4 class=\"brz-text-lg-center brz-tp-lg-heading4 brz-css-xbFLX\" data-generated-css=\"brz-css-gPcC8\" data-uniq-id=\"lfpLH\"><span class=\"brz-capitalize-on brz-cp-color3\">CONCEPTUALIZATION<\/span><\/h4>\n<\/div>\n<\/div>\n<\/div>\n<div id=\"\" class=\"brz-css-13k1wv1 brz-css-kb55lz brz-wrapper\">\n<div class=\"brz-rich-text brz-rich-text__custom brz-css-1c48d6w\" data-brz-custom-id=\"wqunyGaDJWy7\">\n<div data-brz-translate-text=\"1\">\n<h5 class=\"brz-text-lg-center brz-tp-lg-heading5 brz-bcp-color3 brz-css-he57R\" data-generated-css=\"brz-css-vNnmw\" data-uniq-id=\"rxm4h\">Conceptualization and development of the menu<\/h5>\n<h5 class=\"brz-text-lg-center brz-tp-lg-heading5 brz-bcp-color3 brz-css-wBXc3\" data-generated-css=\"brz-css-fdhE3\" data-uniq-id=\"seWDG\"><span class=\"brz-cp-color3\">Strategy<\/span><\/h5>\n<h5 class=\"brz-text-lg-center brz-tp-lg-heading5 brz-bcp-color3 brz-css-tiCLA\" data-generated-css=\"brz-css-hLB0d\" data-uniq-id=\"mYoPZ\"><span class=\"brz-cp-color3\">Creating kitchen procedures<\/span><\/h5>\n<h5 class=\"brz-text-lg-center brz-tp-lg-heading5 brz-bcp-color3 brz-css-lHxGJ\" data-generated-css=\"brz-css-toO0T\" data-uniq-id=\"pBSxS\"><span class=\"brz-cp-color3\">Creation of food bible and floor bible<\/span><\/h5>\n<h5 class=\"brz-text-lg-center brz-tp-lg-heading5 brz-bcp-color3 brz-css-xRLad\" data-generated-css=\"brz-css-fi3cj\" data-uniq-id=\"l3Vy6\"><span class=\"brz-cp-color3\">Agiliza\u00e7\u00e3o de processos de comunica\u00e7\u00e3o Interna<\/span><\/h5>\n<h5 class=\"brz-text-lg-center brz-tp-lg-heading5 brz-bcp-color3 brz-css-vgECl\" data-generated-css=\"brz-css-vT9yk\" data-uniq-id=\"bC6U1\"><span class=\"brz-cp-color3\">HR <\/span><\/h5>\n<h5 class=\"brz-text-lg-center brz-tp-lg-heading5 brz-bcp-color3 brz-css-w6PBs\" data-generated-css=\"brz-css-pGV3y\" data-uniq-id=\"xfziF\"><span class=\"brz-cp-color3\">Controlo de qualidade <\/span><\/h5>\n<\/div>\n<\/div>\n<\/div>\n<\/div>\n<\/div>\n<\/div>\n<\/div>\n<div class=\"brz-row__container brz-css-phdhxd\" data-brz-custom-id=\"qQKYJUQ85e8z\">\n<div class=\"brz-bg\"><\/div>\n<div class=\"brz-row brz-css-ievbz4 brz-css-1v4fla8\">\n<div class=\"brz-columns brz-css-1d4g8e7 brz-css-eip0ia\" data-brz-custom-id=\"rt43ODmcyHcS\">\n<div class=\"brz-bg\"><\/div>\n<div class=\"brz-column__items brz-css-1hyj2a9\">\n<div id=\"\" class=\"brz-css-13k1wv1 brz-wrapper\">\n<div class=\"brz-rich-text brz-rich-text__custom brz-css-1c48d6w\" data-brz-custom-id=\"wdpjQ9Z2MYnE\">\n<div data-brz-translate-text=\"1\">\n<h4 class=\"brz-text-lg-center brz-tp-lg-heading4 brz-css-hvFNd\" data-generated-css=\"brz-css-sPyOD\" data-uniq-id=\"rNPP0\"><span class=\"brz-capitalize-on brz-cp-color3\">CONSULTING<\/span><\/h4>\n<\/div>\n<\/div>\n<\/div>\n<\/div>\n<\/div>\n<\/div>\n<\/div>\n<div class=\"brz-row__container brz-css-phdhxd\" data-brz-custom-id=\"trUlIKkl7Ke4\">\n<div class=\"brz-bg\"><\/div>\n<div class=\"brz-row brz-css-ievbz4 brz-css-1v4fla8\">\n<div class=\"brz-columns brz-css-1d4g8e7 brz-css-17ph938\" data-brz-custom-id=\"tAxdPUuqjoKK\">\n<div class=\"brz-bg\"><\/div>\n<div class=\"brz-column__items brz-css-1hyj2a9\">\n<div id=\"\" class=\"brz-css-13k1wv1 brz-wrapper\">\n<div class=\"brz-rich-text brz-rich-text__custom brz-css-1c48d6w\" data-brz-custom-id=\"sw0rUC8TRWqO\">\n<div data-brz-translate-text=\"1\">\n<h4 class=\"brz-text-lg-center brz-tp-lg-heading4 brz-css-affpT\" data-generated-css=\"brz-css-pYt66\" data-uniq-id=\"tnGXH\"><span class=\"brz-capitalize-on brz-cp-color3\">VIABILITY STUDY<\/span><\/h4>\n<\/div>\n<\/div>\n<\/div>\n<\/div>\n<\/div>\n<\/div>\n<\/div>\n<div class=\"brz-row__container brz-css-phdhxd\" data-brz-custom-id=\"wH3DkKb7Mud7\">\n<div class=\"brz-bg\"><\/div>\n<div class=\"brz-row brz-css-ievbz4 brz-css-1v4fla8\">\n<div class=\"brz-columns brz-css-1d4g8e7 brz-css-177sptv\" data-brz-custom-id=\"xHlbJsSFoPGv\">\n<div class=\"brz-bg\"><\/div>\n<div class=\"brz-column__items brz-css-1hyj2a9\">\n<div id=\"\" class=\"brz-css-13k1wv1 brz-wrapper\">\n<div class=\"brz-rich-text brz-rich-text__custom brz-css-1c48d6w\" data-brz-custom-id=\"l1_VQVifLsBc\">\n<div data-brz-translate-text=\"1\">\n<h4 class=\"brz-tp-lg-heading4 brz-text-lg-center brz-css-eSkPk\" data-uniq-id=\"etNDA\" data-generated-css=\"brz-css-opDT3\"><span class=\"brz-cp-color3 brz-capitalize-on\">COMMUNICATION<\/span><\/h4>\n<\/div>\n<\/div>\n<\/div>\n<\/div>\n<\/div>\n<\/div>\n<\/div>\n<div class=\"brz-row__container brz-css-phdhxd\" data-brz-custom-id=\"jEXuiqXC76TD\">\n<div class=\"brz-bg\"><\/div>\n<div class=\"brz-row brz-css-ievbz4 brz-css-1v4fla8\">\n<div class=\"brz-columns brz-css-1d4g8e7 brz-css-14froc3\" data-brz-custom-id=\"m1stWCXHJrS5\">\n<div class=\"brz-bg\"><\/div>\n<div class=\"brz-column__items brz-css-1hyj2a9\">\n<div id=\"\" class=\"brz-css-13k1wv1 brz-wrapper\">\n<div class=\"brz-rich-text brz-rich-text__custom brz-css-1c48d6w\" data-brz-custom-id=\"zr2KFbhjlTuU\">\n<div data-brz-translate-text=\"1\">\n<h4 class=\"brz-tp-lg-heading4 brz-text-lg-center brz-css-rJyXr\" data-uniq-id=\"bQ9sG\" data-generated-css=\"brz-css-hWmbJ\"><span class=\"brz-cp-color3 brz-capitalize-on\">STRATEGIC PARTNERSHIPS<\/span><\/h4>\n<\/div>\n<\/div>\n<\/div>\n<\/div>\n<\/div>\n<\/div>\n<\/div>\n<div class=\"brz-row__container brz-css-phdhxd\" data-brz-custom-id=\"o20t6eYwcbv7\">\n<div class=\"brz-bg\"><\/div>\n<div class=\"brz-row brz-css-ievbz4 brz-css-1v4fla8\">\n<div class=\"brz-columns brz-css-1d4g8e7 brz-css-wk05ro\" data-brz-custom-id=\"d9CR0IRoXvZz\">\n<div class=\"brz-bg\"><\/div>\n<div class=\"brz-column__items brz-css-1hyj2a9\">\n<div id=\"\" class=\"brz-css-13k1wv1 brz-wrapper\">\n<div class=\"brz-rich-text brz-rich-text__custom brz-css-1c48d6w\" data-brz-custom-id=\"vdj9pYQtuk2b\">\n<div data-brz-translate-text=\"1\">\n<h4 class=\"brz-text-lg-center brz-tp-lg-heading4 brz-css-ib_kC\" data-generated-css=\"brz-css-qTdqc\" data-uniq-id=\"yFDNf\"><span class=\"brz-capitalize-on brz-cp-color3\">SOCIAL MEDIA<\/span><\/h4>\n<\/div>\n<\/div>\n<\/div>\n<\/div>\n<\/div>\n<\/div>\n<\/div>\n<div id=\"\" class=\"brz-css-13k1wv1 brz-css-18cd9ai brz-wrapper\">\n<div class=\"brz-spacer brz-css-13hvsn\"><\/div>\n<\/div>\n<div class=\"brz-wrapper-clone brz-css-857bcm\">\n<div class=\"brz-d-xs-flex brz-flex-xs-wrap brz-css-1uj4rco\" data-brz-custom-id=\"\">\n<div class=\"brz-wrapper-clone__item\" id=\"jNeTQQOfkOJB\"><a class=\"brz-a brz-btn brz-css-1ygfua0 brz-css-1oqwktp brz-css-hwa4io\" href=\"https:\/\/exclamacao.consulting\/en\/#contacto\" target=\"_self\" rel=\"noopener\" data-brz-link-type=\"external\" data-brz-custom-id=\"jNeTQQOfkOJB\"><span data-brz-translate-text=\"1\" class=\"brz-span brz-text__editor\">CONTACT US<\/span><\/a><\/div>\n<\/div>\n<\/div>\n<\/div>\n<\/div>\n<\/section>\n<\/div>\n<p>    <!-- version:1738401502 --><\/p>","protected":false},"excerpt":{"rendered":"<p>quem somos as nossas especialidades eventos espa\u00e7os quero um espa\u00e7o tenho um espa\u00e7o dark kitchens contacte-nos quem somos as nossas especialidades eventos espa\u00e7os quero um espa\u00e7o tenho um espa\u00e7o dark kitchens contacte-nos dark kitchens dark kitchens Ajudamos a desenhar conceitos e a rentabilizar o seu neg\u00f3cio. O que fazemos DUE DILIGENCE Conceptualiza\u00e7\u00e3o Conceptualiza\u00e7\u00e3o e desenvolvimento&hellip; <a class=\"more-link\" href=\"https:\/\/exclamacao.consulting\/en\/darkkitchen\/\">Continue reading <span class=\"screen-reader-text\">darkkitchen<\/span><\/a><\/p>","protected":false},"author":1,"featured_media":0,"parent":0,"menu_order":0,"comment_status":"closed","ping_status":"closed","template":"brizy-blank-template.php","meta":{"footnotes":""},"class_list":["post-111","page","type-page","status-publish","hentry","entry"],"_links":{"self":[{"href":"https:\/\/exclamacao.consulting\/en\/wp-json\/wp\/v2\/pages\/111","targetHints":{"allow":["GET"]}}],"collection":[{"href":"https:\/\/exclamacao.consulting\/en\/wp-json\/wp\/v2\/pages"}],"about":[{"href":"https:\/\/exclamacao.consulting\/en\/wp-json\/wp\/v2\/types\/page"}],"author":[{"embeddable":true,"href":"https:\/\/exclamacao.consulting\/en\/wp-json\/wp\/v2\/users\/1"}],"replies":[{"embeddable":true,"href":"https:\/\/exclamacao.consulting\/en\/wp-json\/wp\/v2\/comments?post=111"}],"version-history":[{"count":0,"href":"https:\/\/exclamacao.consulting\/en\/wp-json\/wp\/v2\/pages\/111\/revisions"}],"wp:attachment":[{"href":"https:\/\/exclamacao.consulting\/en\/wp-json\/wp\/v2\/media?parent=111"}],"curies":[{"name":"wp","href":"https:\/\/api.w.org\/{rel}","templated":true}]}}